{"id":15511,"date":"2022-06-24T12:19:59","date_gmt":"2022-06-24T10:19:59","guid":{"rendered":"http:\/\/www.hapy-com.fr\/echoppe\/product\/porte-cles-poncho-rany\/"},"modified":"2022-06-24T12:19:59","modified_gmt":"2022-06-24T10:19:59","slug":"porte-cles-poncho-rany","status":"publish","type":"product","link":"https:\/\/www.hapy-com.fr\/echoppe\/product\/porte-cles-poncho-rany\/","title":{"rendered":"Porte-Cl\u00e9s Poncho Rany"},"content":{"rendered":"<p>Porte-Cl\u00e9s Poncho pour enfants. Gamme vari\u00e9e de couleurs vives. Dimensions 88 x 63 cm. Pr\u00e9sent\u00e9 dans une boule individuelle avec fermeture de s\u00e9curit\u00e9. Taille unique.<\/p>\n","protected":false},"excerpt":{"rendered":"<p>Porte-Cl\u00e9s Poncho pour enfants. Gamme vari\u00e9e de couleurs vives. Dimensions 88 x 63 cm. Pr\u00e9sent\u00e9 dans une boule individuelle avec fermeture de s\u00e9curit\u00e9. Taille unique.<\/p>\n","protected":false},"featured_media":15509,"template":"","meta":[],"product_cat":[352],"product_tag":[],"class_list":{"0":"post-15511","1":"product","2":"type-product","3":"status-publish","4":"has-post-thumbnail","6":"product_cat-enfants","8":"first","9":"instock","10":"shipping-taxable","11":"purchasable","12":"product-type-simple"},"_links":{"self":[{"href":"https:\/\/www.hapy-com.fr\/echoppe\/wp-json\/wp\/v2\/product\/15511","targetHints":{"allow":["GET"]}}],"collection":[{"href":"https:\/\/www.hapy-com.fr\/echoppe\/wp-json\/wp\/v2\/product"}],"about":[{"href":"https:\/\/www.hapy-com.fr\/echoppe\/wp-json\/wp\/v2\/types\/product"}],"wp:featuredmedia":[{"embeddable":true,"href":"https:\/\/www.hapy-com.fr\/echoppe\/wp-json\/wp\/v2\/media\/15509"}],"wp:attachment":[{"href":"https:\/\/www.hapy-com.fr\/echoppe\/wp-json\/wp\/v2\/media?parent=15511"}],"wp:term":[{"taxonomy":"product_cat","embeddable":true,"href":"https:\/\/www.hapy-com.fr\/echoppe\/wp-json\/wp\/v2\/product_cat?post=15511"},{"taxonomy":"product_tag","embeddable":true,"href":"https:\/\/www.hapy-com.fr\/echoppe\/wp-json\/wp\/v2\/product_tag?post=15511"}],"curies":[{"name":"wp","href":"https:\/\/api.w.org\/{rel}","templated":true}]}}