{"id":15514,"date":"2022-06-24T12:20:02","date_gmt":"2022-06-24T10:20:02","guid":{"rendered":"http:\/\/www.hapy-com.fr\/echoppe\/product\/poncho-teo\/"},"modified":"2022-06-24T12:20:02","modified_gmt":"2022-06-24T10:20:02","slug":"poncho-teo","status":"publish","type":"product","link":"https:\/\/www.hapy-com.fr\/echoppe\/product\/poncho-teo\/","title":{"rendered":"Poncho Teo"},"content":{"rendered":"<p>Poncho en PVC propos\u00e9 en gamme amusante de couleurs vives. Fermeture par boutons pressions sur les c\u00f4t\u00e9s et finition thermoscell\u00e9e. Taille unique enfant. Dimensions 90 x 64cm.<\/p>\n","protected":false},"excerpt":{"rendered":"<p>Poncho en PVC propos\u00e9 en gamme amusante de couleurs vives. Fermeture par boutons pressions sur les c\u00f4t\u00e9s et finition thermoscell\u00e9e. Taille unique enfant. Dimensions 90 x 64cm.<\/p>\n","protected":false},"featured_media":15512,"template":"","meta":[],"product_cat":[352],"product_tag":[],"class_list":{"0":"post-15514","1":"product","2":"type-product","3":"status-publish","4":"has-post-thumbnail","6":"product_cat-enfants","8":"first","9":"instock","10":"shipping-taxable","11":"purchasable","12":"product-type-simple"},"_links":{"self":[{"href":"https:\/\/www.hapy-com.fr\/echoppe\/wp-json\/wp\/v2\/product\/15514","targetHints":{"allow":["GET"]}}],"collection":[{"href":"https:\/\/www.hapy-com.fr\/echoppe\/wp-json\/wp\/v2\/product"}],"about":[{"href":"https:\/\/www.hapy-com.fr\/echoppe\/wp-json\/wp\/v2\/types\/product"}],"wp:featuredmedia":[{"embeddable":true,"href":"https:\/\/www.hapy-com.fr\/echoppe\/wp-json\/wp\/v2\/media\/15512"}],"wp:attachment":[{"href":"https:\/\/www.hapy-com.fr\/echoppe\/wp-json\/wp\/v2\/media?parent=15514"}],"wp:term":[{"taxonomy":"product_cat","embeddable":true,"href":"https:\/\/www.hapy-com.fr\/echoppe\/wp-json\/wp\/v2\/product_cat?post=15514"},{"taxonomy":"product_tag","embeddable":true,"href":"https:\/\/www.hapy-com.fr\/echoppe\/wp-json\/wp\/v2\/product_tag?post=15514"}],"curies":[{"name":"wp","href":"https:\/\/api.w.org\/{rel}","templated":true}]}}