{"id":15517,"date":"2022-06-24T12:20:04","date_gmt":"2022-06-24T10:20:04","guid":{"rendered":"http:\/\/www.hapy-com.fr\/echoppe\/product\/plastron-eli\/"},"modified":"2022-06-24T12:20:04","modified_gmt":"2022-06-24T10:20:04","slug":"plastron-eli","status":"publish","type":"product","link":"https:\/\/www.hapy-com.fr\/echoppe\/product\/plastron-eli\/","title":{"rendered":"Plastron Eli"},"content":{"rendered":"<p>Chasuble r\u00e9flechissant pour enfant.Avec \u00e9lastiques de r\u00e9glage sur les cot\u00e9s. Taille unique. Gamme de couleurs vives.<\/p>\n","protected":false},"excerpt":{"rendered":"<p>Chasuble r\u00e9flechissant pour enfant.Avec \u00e9lastiques de r\u00e9glage sur les cot\u00e9s. Taille unique. Gamme de couleurs vives.<\/p>\n","protected":false},"featured_media":15515,"template":"","meta":[],"product_cat":[352],"product_tag":[],"class_list":{"0":"post-15517","1":"product","2":"type-product","3":"status-publish","4":"has-post-thumbnail","6":"product_cat-enfants","8":"first","9":"instock","10":"shipping-taxable","11":"purchasable","12":"product-type-simple"},"_links":{"self":[{"href":"https:\/\/www.hapy-com.fr\/echoppe\/wp-json\/wp\/v2\/product\/15517","targetHints":{"allow":["GET"]}}],"collection":[{"href":"https:\/\/www.hapy-com.fr\/echoppe\/wp-json\/wp\/v2\/product"}],"about":[{"href":"https:\/\/www.hapy-com.fr\/echoppe\/wp-json\/wp\/v2\/types\/product"}],"wp:featuredmedia":[{"embeddable":true,"href":"https:\/\/www.hapy-com.fr\/echoppe\/wp-json\/wp\/v2\/media\/15515"}],"wp:attachment":[{"href":"https:\/\/www.hapy-com.fr\/echoppe\/wp-json\/wp\/v2\/media?parent=15517"}],"wp:term":[{"taxonomy":"product_cat","embeddable":true,"href":"https:\/\/www.hapy-com.fr\/echoppe\/wp-json\/wp\/v2\/product_cat?post=15517"},{"taxonomy":"product_tag","embeddable":true,"href":"https:\/\/www.hapy-com.fr\/echoppe\/wp-json\/wp\/v2\/product_tag?post=15517"}],"curies":[{"name":"wp","href":"https:\/\/api.w.org\/{rel}","templated":true}]}}