{"id":15536,"date":"2022-06-24T12:20:20","date_gmt":"2022-06-24T10:20:20","guid":{"rendered":"http:\/\/www.hapy-com.fr\/echoppe\/product\/set-trousse-baiku\/"},"modified":"2022-07-05T21:44:41","modified_gmt":"2022-07-05T19:44:41","slug":"set-trousse-baiku","status":"publish","type":"product","link":"https:\/\/www.hapy-com.fr\/echoppe\/product\/set-trousse-baiku\/","title":{"rendered":"Set Trousse Baiku"},"content":{"rendered":"<p>Set de 7 pi\u00e8ces dans une trousse en intiss\u00e9 avec fen\u00eatre transparente frontale en PVC. Coloris vifs. Comprend 2 crayons papier avec embout gomme, corps cylindrique en bois, un stylo, une gomme, un taille-crayons et une r\u00e8gle de 15cm. Poign\u00e9e de transport assortie.<\/p>\n","protected":false},"excerpt":{"rendered":"<p>Set de 7 pi\u00e8ces dans une trousse en intiss\u00e9 avec fen\u00eatre transparente frontale en PVC. Coloris vifs. Comprend 2 crayons papier avec embout gomme, corps cylindrique en bois, un stylo,&#8230;<\/p>\n","protected":false},"featured_media":15534,"template":"","meta":[],"product_cat":[352,458],"product_tag":[],"class_list":{"0":"post-15536","1":"product","2":"type-product","3":"status-publish","4":"has-post-thumbnail","6":"product_cat-enfants","7":"product_cat-set","9":"first","10":"instock","11":"shipping-taxable","12":"purchasable","13":"product-type-simple"},"_links":{"self":[{"href":"https:\/\/www.hapy-com.fr\/echoppe\/wp-json\/wp\/v2\/product\/15536","targetHints":{"allow":["GET"]}}],"collection":[{"href":"https:\/\/www.hapy-com.fr\/echoppe\/wp-json\/wp\/v2\/product"}],"about":[{"href":"https:\/\/www.hapy-com.fr\/echoppe\/wp-json\/wp\/v2\/types\/product"}],"wp:featuredmedia":[{"embeddable":true,"href":"https:\/\/www.hapy-com.fr\/echoppe\/wp-json\/wp\/v2\/media\/15534"}],"wp:attachment":[{"href":"https:\/\/www.hapy-com.fr\/echoppe\/wp-json\/wp\/v2\/media?parent=15536"}],"wp:term":[{"taxonomy":"product_cat","embeddable":true,"href":"https:\/\/www.hapy-com.fr\/echoppe\/wp-json\/wp\/v2\/product_cat?post=15536"},{"taxonomy":"product_tag","embeddable":true,"href":"https:\/\/www.hapy-com.fr\/echoppe\/wp-json\/wp\/v2\/product_tag?post=15536"}],"curies":[{"name":"wp","href":"https:\/\/api.w.org\/{rel}","templated":true}]}}