{"id":15562,"date":"2022-06-24T12:20:43","date_gmt":"2022-06-24T10:20:43","guid":{"rendered":"http:\/\/www.hapy-com.fr\/echoppe\/product\/yoyo-milux\/"},"modified":"2022-06-24T12:20:43","modified_gmt":"2022-06-24T10:20:43","slug":"yoyo-milux","status":"publish","type":"product","link":"https:\/\/www.hapy-com.fr\/echoppe\/product\/yoyo-milux\/","title":{"rendered":"Yoyo Milux"},"content":{"rendered":"<p>Yoy\u00f3 en mat\u00e9riau PS durable, disponible dans un large \u00e9ventail de couleurs. Avec fil de coton boucl\u00e9 de couleur blanche de 100 cm.<\/p>\n","protected":false},"excerpt":{"rendered":"<p>Yoy\u00f3 en mat\u00e9riau PS durable, disponible dans un large \u00e9ventail de couleurs. Avec fil de coton boucl\u00e9 de couleur blanche de 100 cm.<\/p>\n","protected":false},"featured_media":15560,"template":"","meta":[],"product_cat":[352],"product_tag":[],"class_list":{"0":"post-15562","1":"product","2":"type-product","3":"status-publish","4":"has-post-thumbnail","6":"product_cat-enfants","8":"first","9":"instock","10":"shipping-taxable","11":"purchasable","12":"product-type-simple"},"_links":{"self":[{"href":"https:\/\/www.hapy-com.fr\/echoppe\/wp-json\/wp\/v2\/product\/15562","targetHints":{"allow":["GET"]}}],"collection":[{"href":"https:\/\/www.hapy-com.fr\/echoppe\/wp-json\/wp\/v2\/product"}],"about":[{"href":"https:\/\/www.hapy-com.fr\/echoppe\/wp-json\/wp\/v2\/types\/product"}],"wp:featuredmedia":[{"embeddable":true,"href":"https:\/\/www.hapy-com.fr\/echoppe\/wp-json\/wp\/v2\/media\/15560"}],"wp:attachment":[{"href":"https:\/\/www.hapy-com.fr\/echoppe\/wp-json\/wp\/v2\/media?parent=15562"}],"wp:term":[{"taxonomy":"product_cat","embeddable":true,"href":"https:\/\/www.hapy-com.fr\/echoppe\/wp-json\/wp\/v2\/product_cat?post=15562"},{"taxonomy":"product_tag","embeddable":true,"href":"https:\/\/www.hapy-com.fr\/echoppe\/wp-json\/wp\/v2\/product_tag?post=15562"}],"curies":[{"name":"wp","href":"https:\/\/api.w.org\/{rel}","templated":true}]}}