{"id":15579,"date":"2022-06-24T12:21:12","date_gmt":"2022-06-24T10:21:12","guid":{"rendered":"http:\/\/www.hapy-com.fr\/echoppe\/product\/jeu-viriok\/"},"modified":"2022-06-24T12:21:12","modified_gmt":"2022-06-24T10:21:12","slug":"jeu-viriok","status":"publish","type":"product","link":"https:\/\/www.hapy-com.fr\/echoppe\/product\/jeu-viriok\/","title":{"rendered":"Jeu Viriok"},"content":{"rendered":"<p>Jeu du morpion disponible dans une large gamme de couleurs vives.  Pi\u00e8ces rotatives int\u00e9gr\u00e9es.<\/p>\n","protected":false},"excerpt":{"rendered":"<p>Jeu du morpion disponible dans une large gamme de couleurs vives. Pi\u00e8ces rotatives int\u00e9gr\u00e9es.<\/p>\n","protected":false},"featured_media":15577,"template":"","meta":[],"product_cat":[352],"product_tag":[],"class_list":{"0":"post-15579","1":"product","2":"type-product","3":"status-publish","4":"has-post-thumbnail","6":"product_cat-enfants","8":"first","9":"instock","10":"shipping-taxable","11":"purchasable","12":"product-type-simple"},"_links":{"self":[{"href":"https:\/\/www.hapy-com.fr\/echoppe\/wp-json\/wp\/v2\/product\/15579","targetHints":{"allow":["GET"]}}],"collection":[{"href":"https:\/\/www.hapy-com.fr\/echoppe\/wp-json\/wp\/v2\/product"}],"about":[{"href":"https:\/\/www.hapy-com.fr\/echoppe\/wp-json\/wp\/v2\/types\/product"}],"wp:featuredmedia":[{"embeddable":true,"href":"https:\/\/www.hapy-com.fr\/echoppe\/wp-json\/wp\/v2\/media\/15577"}],"wp:attachment":[{"href":"https:\/\/www.hapy-com.fr\/echoppe\/wp-json\/wp\/v2\/media?parent=15579"}],"wp:term":[{"taxonomy":"product_cat","embeddable":true,"href":"https:\/\/www.hapy-com.fr\/echoppe\/wp-json\/wp\/v2\/product_cat?post=15579"},{"taxonomy":"product_tag","embeddable":true,"href":"https:\/\/www.hapy-com.fr\/echoppe\/wp-json\/wp\/v2\/product_tag?post=15579"}],"curies":[{"name":"wp","href":"https:\/\/api.w.org\/{rel}","templated":true}]}}