{"id":15585,"date":"2022-06-24T12:21:19","date_gmt":"2022-06-24T10:21:19","guid":{"rendered":"http:\/\/www.hapy-com.fr\/echoppe\/product\/pistolet-a-eau-bonney\/"},"modified":"2022-06-24T12:21:19","modified_gmt":"2022-06-24T10:21:19","slug":"pistolet-a-eau-bonney","status":"publish","type":"product","link":"https:\/\/www.hapy-com.fr\/echoppe\/product\/pistolet-a-eau-bonney\/","title":{"rendered":"Pistolet \u00e0 Eau Bonney"},"content":{"rendered":"<p>Pistolet \u00e0 eau dans une large gamme de couleurs vives transparentes. Avec fermeture pour r\u00e9servoir de s\u00e9curit\u00e9.<\/p>\n","protected":false},"excerpt":{"rendered":"<p>Pistolet \u00e0 eau dans une large gamme de couleurs vives transparentes. Avec fermeture pour r\u00e9servoir de s\u00e9curit\u00e9.<\/p>\n","protected":false},"featured_media":15583,"template":"","meta":[],"product_cat":[352],"product_tag":[],"class_list":{"0":"post-15585","1":"product","2":"type-product","3":"status-publish","4":"has-post-thumbnail","6":"product_cat-enfants","8":"first","9":"instock","10":"shipping-taxable","11":"purchasable","12":"product-type-simple"},"_links":{"self":[{"href":"https:\/\/www.hapy-com.fr\/echoppe\/wp-json\/wp\/v2\/product\/15585","targetHints":{"allow":["GET"]}}],"collection":[{"href":"https:\/\/www.hapy-com.fr\/echoppe\/wp-json\/wp\/v2\/product"}],"about":[{"href":"https:\/\/www.hapy-com.fr\/echoppe\/wp-json\/wp\/v2\/types\/product"}],"wp:featuredmedia":[{"embeddable":true,"href":"https:\/\/www.hapy-com.fr\/echoppe\/wp-json\/wp\/v2\/media\/15583"}],"wp:attachment":[{"href":"https:\/\/www.hapy-com.fr\/echoppe\/wp-json\/wp\/v2\/media?parent=15585"}],"wp:term":[{"taxonomy":"product_cat","embeddable":true,"href":"https:\/\/www.hapy-com.fr\/echoppe\/wp-json\/wp\/v2\/product_cat?post=15585"},{"taxonomy":"product_tag","embeddable":true,"href":"https:\/\/www.hapy-com.fr\/echoppe\/wp-json\/wp\/v2\/product_tag?post=15585"}],"curies":[{"name":"wp","href":"https:\/\/api.w.org\/{rel}","templated":true}]}}