{"id":15590,"date":"2022-06-24T12:21:22","date_gmt":"2022-06-24T10:21:22","guid":{"rendered":"http:\/\/www.hapy-com.fr\/echoppe\/product\/couverture-yogui\/"},"modified":"2022-06-24T12:21:22","modified_gmt":"2022-06-24T10:21:22","slug":"couverture-yogui","status":"publish","type":"product","link":"https:\/\/www.hapy-com.fr\/echoppe\/product\/couverture-yogui\/","title":{"rendered":"Couverture Yogui"},"content":{"rendered":"<p>Couverture avec nounours en polaire fleece douce et chaude, grammage 200g\/m2. Taille enfant : 100x75cm.  *Pour les commandes avec impression, le co\u00fbt du marquage doit \u00eatre major\u00e9 de + 0,20 \/ unit\u00e9 pour traitement sp\u00e9cial.*<\/p>\n","protected":false},"excerpt":{"rendered":"<p>Couverture avec nounours en polaire fleece douce et chaude, grammage 200g\/m2. Taille enfant : 100x75cm. *Pour les commandes avec impression, le co\u00fbt du marquage doit \u00eatre major\u00e9 de + 0,20&#8230;<\/p>\n","protected":false},"featured_media":15589,"template":"","meta":[],"product_cat":[352],"product_tag":[],"class_list":{"0":"post-15590","1":"product","2":"type-product","3":"status-publish","4":"has-post-thumbnail","6":"product_cat-enfants","8":"first","9":"instock","10":"shipping-taxable","11":"purchasable","12":"product-type-simple"},"_links":{"self":[{"href":"https:\/\/www.hapy-com.fr\/echoppe\/wp-json\/wp\/v2\/product\/15590","targetHints":{"allow":["GET"]}}],"collection":[{"href":"https:\/\/www.hapy-com.fr\/echoppe\/wp-json\/wp\/v2\/product"}],"about":[{"href":"https:\/\/www.hapy-com.fr\/echoppe\/wp-json\/wp\/v2\/types\/product"}],"wp:featuredmedia":[{"embeddable":true,"href":"https:\/\/www.hapy-com.fr\/echoppe\/wp-json\/wp\/v2\/media\/15589"}],"wp:attachment":[{"href":"https:\/\/www.hapy-com.fr\/echoppe\/wp-json\/wp\/v2\/media?parent=15590"}],"wp:term":[{"taxonomy":"product_cat","embeddable":true,"href":"https:\/\/www.hapy-com.fr\/echoppe\/wp-json\/wp\/v2\/product_cat?post=15590"},{"taxonomy":"product_tag","embeddable":true,"href":"https:\/\/www.hapy-com.fr\/echoppe\/wp-json\/wp\/v2\/product_tag?post=15590"}],"curies":[{"name":"wp","href":"https:\/\/api.w.org\/{rel}","templated":true}]}}