{"id":15594,"date":"2022-06-24T12:21:25","date_gmt":"2022-06-24T10:21:25","guid":{"rendered":"http:\/\/www.hapy-com.fr\/echoppe\/product\/set-gommes-crats\/"},"modified":"2022-07-05T21:44:39","modified_gmt":"2022-07-05T19:44:39","slug":"set-gommes-crats","status":"publish","type":"product","link":"https:\/\/www.hapy-com.fr\/echoppe\/product\/set-gommes-crats\/","title":{"rendered":"Set Gommes Crats"},"content":{"rendered":"<p>Ensemble amusant compos\u00e9 de 4 gommes en forme de livre aux couleurs gaies. Livr\u00e9 dans une petite bo\u00eete de pr\u00e9sentation en carton blanc.<\/p>\n","protected":false},"excerpt":{"rendered":"<p>Ensemble amusant compos\u00e9 de 4 gommes en forme de livre aux couleurs gaies. Livr\u00e9 dans une petite bo\u00eete de pr\u00e9sentation en carton blanc.<\/p>\n","protected":false},"featured_media":15593,"template":"","meta":[],"product_cat":[352,458],"product_tag":[],"class_list":{"0":"post-15594","1":"product","2":"type-product","3":"status-publish","4":"has-post-thumbnail","6":"product_cat-enfants","7":"product_cat-set","9":"first","10":"instock","11":"shipping-taxable","12":"purchasable","13":"product-type-simple"},"_links":{"self":[{"href":"https:\/\/www.hapy-com.fr\/echoppe\/wp-json\/wp\/v2\/product\/15594","targetHints":{"allow":["GET"]}}],"collection":[{"href":"https:\/\/www.hapy-com.fr\/echoppe\/wp-json\/wp\/v2\/product"}],"about":[{"href":"https:\/\/www.hapy-com.fr\/echoppe\/wp-json\/wp\/v2\/types\/product"}],"wp:featuredmedia":[{"embeddable":true,"href":"https:\/\/www.hapy-com.fr\/echoppe\/wp-json\/wp\/v2\/media\/15593"}],"wp:attachment":[{"href":"https:\/\/www.hapy-com.fr\/echoppe\/wp-json\/wp\/v2\/media?parent=15594"}],"wp:term":[{"taxonomy":"product_cat","embeddable":true,"href":"https:\/\/www.hapy-com.fr\/echoppe\/wp-json\/wp\/v2\/product_cat?post=15594"},{"taxonomy":"product_tag","embeddable":true,"href":"https:\/\/www.hapy-com.fr\/echoppe\/wp-json\/wp\/v2\/product_tag?post=15594"}],"curies":[{"name":"wp","href":"https:\/\/api.w.org\/{rel}","templated":true}]}}