{"id":15600,"date":"2022-06-24T12:21:31","date_gmt":"2022-06-24T10:21:31","guid":{"rendered":"http:\/\/www.hapy-com.fr\/echoppe\/product\/tablier-tizy\/"},"modified":"2022-06-24T12:21:31","modified_gmt":"2022-06-24T10:21:31","slug":"tablier-tizy","status":"publish","type":"product","link":"https:\/\/www.hapy-com.fr\/echoppe\/product\/tablier-tizy\/","title":{"rendered":"Tablier Tizy"},"content":{"rendered":"<p>Tablier blanc en intiss\u00e9 sp\u00e9cialement con\u00e7u pour \u00eatre color\u00e9 avec des feutres. Inclus : 5 feutres au corps cylindriques en diff\u00e9rentes couleurs. Avec cordons de serrage au cou et \u00e0 la taille.<\/p>\n","protected":false},"excerpt":{"rendered":"<p>Tablier blanc en intiss\u00e9 sp\u00e9cialement con\u00e7u pour \u00eatre color\u00e9 avec des feutres. Inclus : 5 feutres au corps cylindriques en diff\u00e9rentes couleurs. Avec cordons de serrage au cou et \u00e0&#8230;<\/p>\n","protected":false},"featured_media":15598,"template":"","meta":[],"product_cat":[352],"product_tag":[],"class_list":{"0":"post-15600","1":"product","2":"type-product","3":"status-publish","4":"has-post-thumbnail","6":"product_cat-enfants","8":"first","9":"instock","10":"shipping-taxable","11":"purchasable","12":"product-type-simple"},"_links":{"self":[{"href":"https:\/\/www.hapy-com.fr\/echoppe\/wp-json\/wp\/v2\/product\/15600","targetHints":{"allow":["GET"]}}],"collection":[{"href":"https:\/\/www.hapy-com.fr\/echoppe\/wp-json\/wp\/v2\/product"}],"about":[{"href":"https:\/\/www.hapy-com.fr\/echoppe\/wp-json\/wp\/v2\/types\/product"}],"wp:featuredmedia":[{"embeddable":true,"href":"https:\/\/www.hapy-com.fr\/echoppe\/wp-json\/wp\/v2\/media\/15598"}],"wp:attachment":[{"href":"https:\/\/www.hapy-com.fr\/echoppe\/wp-json\/wp\/v2\/media?parent=15600"}],"wp:term":[{"taxonomy":"product_cat","embeddable":true,"href":"https:\/\/www.hapy-com.fr\/echoppe\/wp-json\/wp\/v2\/product_cat?post=15600"},{"taxonomy":"product_tag","embeddable":true,"href":"https:\/\/www.hapy-com.fr\/echoppe\/wp-json\/wp\/v2\/product_tag?post=15600"}],"curies":[{"name":"wp","href":"https:\/\/api.w.org\/{rel}","templated":true}]}}