{"id":15603,"date":"2022-06-24T12:21:33","date_gmt":"2022-06-24T10:21:33","guid":{"rendered":"http:\/\/www.hapy-com.fr\/echoppe\/product\/trousse-trinen\/"},"modified":"2022-06-24T12:21:33","modified_gmt":"2022-06-24T10:21:33","slug":"trousse-trinen","status":"publish","type":"product","link":"https:\/\/www.hapy-com.fr\/echoppe\/product\/trousse-trinen\/","title":{"rendered":"Trousse Trinen"},"content":{"rendered":"<p>Ensemble de 14 pi\u00e8ces dans un \u00e9tui au design circulaire r\u00e9sistant, finition en couleurs lumineuses et int\u00e9rieur avec compartiments de s\u00e9curit\u00e9. Contient: gomme, taille-crayon, crayons de cire et crayons \u00e0 corps cylindrique, feutres, aquarelles et pinceau.<\/p>\n","protected":false},"excerpt":{"rendered":"<p>Ensemble de 14 pi\u00e8ces dans un \u00e9tui au design circulaire r\u00e9sistant, finition en couleurs lumineuses et int\u00e9rieur avec compartiments de s\u00e9curit\u00e9. Contient: gomme, taille-crayon, crayons de cire et crayons \u00e0&#8230;<\/p>\n","protected":false},"featured_media":15601,"template":"","meta":[],"product_cat":[352],"product_tag":[],"class_list":{"0":"post-15603","1":"product","2":"type-product","3":"status-publish","4":"has-post-thumbnail","6":"product_cat-enfants","8":"first","9":"instock","10":"shipping-taxable","11":"purchasable","12":"product-type-simple"},"_links":{"self":[{"href":"https:\/\/www.hapy-com.fr\/echoppe\/wp-json\/wp\/v2\/product\/15603","targetHints":{"allow":["GET"]}}],"collection":[{"href":"https:\/\/www.hapy-com.fr\/echoppe\/wp-json\/wp\/v2\/product"}],"about":[{"href":"https:\/\/www.hapy-com.fr\/echoppe\/wp-json\/wp\/v2\/types\/product"}],"wp:featuredmedia":[{"embeddable":true,"href":"https:\/\/www.hapy-com.fr\/echoppe\/wp-json\/wp\/v2\/media\/15601"}],"wp:attachment":[{"href":"https:\/\/www.hapy-com.fr\/echoppe\/wp-json\/wp\/v2\/media?parent=15603"}],"wp:term":[{"taxonomy":"product_cat","embeddable":true,"href":"https:\/\/www.hapy-com.fr\/echoppe\/wp-json\/wp\/v2\/product_cat?post=15603"},{"taxonomy":"product_tag","embeddable":true,"href":"https:\/\/www.hapy-com.fr\/echoppe\/wp-json\/wp\/v2\/product_tag?post=15603"}],"curies":[{"name":"wp","href":"https:\/\/api.w.org\/{rel}","templated":true}]}}