{"id":15609,"date":"2022-06-24T12:21:39","date_gmt":"2022-06-24T10:21:39","guid":{"rendered":"http:\/\/www.hapy-com.fr\/echoppe\/product\/set-jeu-dylam\/"},"modified":"2022-07-05T21:44:39","modified_gmt":"2022-07-05T19:44:39","slug":"set-jeu-dylam","status":"publish","type":"product","link":"https:\/\/www.hapy-com.fr\/echoppe\/product\/set-jeu-dylam\/","title":{"rendered":"Set Jeu Dylam"},"content":{"rendered":"<p>Paire de raquettes 3 en 1 amusantes avec un manche doux et r\u00e9sistant. Avec deux volants, dont un avec des plumes multicolores et une balle en mousse. Pr\u00e9sent\u00e9 dans un sac en filet.<\/p>\n","protected":false},"excerpt":{"rendered":"<p>Paire de raquettes 3 en 1 amusantes avec un manche doux et r\u00e9sistant. Avec deux volants, dont un avec des plumes multicolores et une balle en mousse. Pr\u00e9sent\u00e9 dans un&#8230;<\/p>\n","protected":false},"featured_media":15607,"template":"","meta":[],"product_cat":[352,457,458],"product_tag":[],"class_list":{"0":"post-15609","1":"product","2":"type-product","3":"status-publish","4":"has-post-thumbnail","6":"product_cat-enfants","7":"product_cat-sac","8":"product_cat-set","10":"first","11":"instock","12":"shipping-taxable","13":"purchasable","14":"product-type-simple"},"_links":{"self":[{"href":"https:\/\/www.hapy-com.fr\/echoppe\/wp-json\/wp\/v2\/product\/15609","targetHints":{"allow":["GET"]}}],"collection":[{"href":"https:\/\/www.hapy-com.fr\/echoppe\/wp-json\/wp\/v2\/product"}],"about":[{"href":"https:\/\/www.hapy-com.fr\/echoppe\/wp-json\/wp\/v2\/types\/product"}],"wp:featuredmedia":[{"embeddable":true,"href":"https:\/\/www.hapy-com.fr\/echoppe\/wp-json\/wp\/v2\/media\/15607"}],"wp:attachment":[{"href":"https:\/\/www.hapy-com.fr\/echoppe\/wp-json\/wp\/v2\/media?parent=15609"}],"wp:term":[{"taxonomy":"product_cat","embeddable":true,"href":"https:\/\/www.hapy-com.fr\/echoppe\/wp-json\/wp\/v2\/product_cat?post=15609"},{"taxonomy":"product_tag","embeddable":true,"href":"https:\/\/www.hapy-com.fr\/echoppe\/wp-json\/wp\/v2\/product_tag?post=15609"}],"curies":[{"name":"wp","href":"https:\/\/api.w.org\/{rel}","templated":true}]}}