{"id":15619,"date":"2022-06-24T12:21:48","date_gmt":"2022-06-24T10:21:48","guid":{"rendered":"http:\/\/www.hapy-com.fr\/echoppe\/product\/sac-mosby\/"},"modified":"2022-07-05T21:44:01","modified_gmt":"2022-07-05T19:44:01","slug":"sac-mosby","status":"publish","type":"product","link":"https:\/\/www.hapy-com.fr\/echoppe\/product\/sac-mosby\/","title":{"rendered":"Sac Mosby"},"content":{"rendered":"<p>Sac blanc en intiss\u00e9 sp\u00e9cialement pr\u00e9vu pour le coloriage avec crayons de cire. Inclut 5 crayons cylindriques de cire en diff\u00e9rentes couleurs. Longues anses de 33 cm et finition thermosoud\u00e9e.<\/p>\n","protected":false},"excerpt":{"rendered":"<p>Sac blanc en intiss\u00e9 sp\u00e9cialement pr\u00e9vu pour le coloriage avec crayons de cire. Inclut 5 crayons cylindriques de cire en diff\u00e9rentes couleurs. Longues anses de 33 cm et finition thermosoud\u00e9e.<\/p>\n","protected":false},"featured_media":15618,"template":"","meta":[],"product_cat":[352,457],"product_tag":[],"class_list":{"0":"post-15619","1":"product","2":"type-product","3":"status-publish","4":"has-post-thumbnail","6":"product_cat-enfants","7":"product_cat-sac","9":"first","10":"instock","11":"shipping-taxable","12":"purchasable","13":"product-type-simple"},"_links":{"self":[{"href":"https:\/\/www.hapy-com.fr\/echoppe\/wp-json\/wp\/v2\/product\/15619","targetHints":{"allow":["GET"]}}],"collection":[{"href":"https:\/\/www.hapy-com.fr\/echoppe\/wp-json\/wp\/v2\/product"}],"about":[{"href":"https:\/\/www.hapy-com.fr\/echoppe\/wp-json\/wp\/v2\/types\/product"}],"wp:featuredmedia":[{"embeddable":true,"href":"https:\/\/www.hapy-com.fr\/echoppe\/wp-json\/wp\/v2\/media\/15618"}],"wp:attachment":[{"href":"https:\/\/www.hapy-com.fr\/echoppe\/wp-json\/wp\/v2\/media?parent=15619"}],"wp:term":[{"taxonomy":"product_cat","embeddable":true,"href":"https:\/\/www.hapy-com.fr\/echoppe\/wp-json\/wp\/v2\/product_cat?post=15619"},{"taxonomy":"product_tag","embeddable":true,"href":"https:\/\/www.hapy-com.fr\/echoppe\/wp-json\/wp\/v2\/product_tag?post=15619"}],"curies":[{"name":"wp","href":"https:\/\/api.w.org\/{rel}","templated":true}]}}