{"id":15622,"date":"2022-06-24T12:21:50","date_gmt":"2022-06-24T10:21:50","guid":{"rendered":"http:\/\/www.hapy-com.fr\/echoppe\/product\/tour-de-cou-holiam\/"},"modified":"2022-07-05T21:55:10","modified_gmt":"2022-07-05T19:55:10","slug":"tour-de-cou-holiam","status":"publish","type":"product","link":"https:\/\/www.hapy-com.fr\/echoppe\/product\/tour-de-cou-holiam\/","title":{"rendered":"Tour de Cou Holiam"},"content":{"rendered":"<p>Tour de cou ou de t\u00eate pour enfants. Polyester \u00e9lastique . Disponible dans de nombreux coloris. Sp\u00e9cialement con\u00e7u pour la sublimation en blanc uniquement.<\/p>\n","protected":false},"excerpt":{"rendered":"<p>Tour de cou ou de t\u00eate pour enfants. Polyester \u00e9lastique . Disponible dans de nombreux coloris. Sp\u00e9cialement con\u00e7u pour la sublimation en blanc uniquement.<\/p>\n","protected":false},"featured_media":15620,"template":"","meta":[],"product_cat":[352,461],"product_tag":[],"class_list":{"0":"post-15622","1":"product","2":"type-product","3":"status-publish","4":"has-post-thumbnail","6":"product_cat-enfants","7":"product_cat-tour-de-cou","9":"first","10":"instock","11":"shipping-taxable","12":"purchasable","13":"product-type-simple"},"_links":{"self":[{"href":"https:\/\/www.hapy-com.fr\/echoppe\/wp-json\/wp\/v2\/product\/15622","targetHints":{"allow":["GET"]}}],"collection":[{"href":"https:\/\/www.hapy-com.fr\/echoppe\/wp-json\/wp\/v2\/product"}],"about":[{"href":"https:\/\/www.hapy-com.fr\/echoppe\/wp-json\/wp\/v2\/types\/product"}],"wp:featuredmedia":[{"embeddable":true,"href":"https:\/\/www.hapy-com.fr\/echoppe\/wp-json\/wp\/v2\/media\/15620"}],"wp:attachment":[{"href":"https:\/\/www.hapy-com.fr\/echoppe\/wp-json\/wp\/v2\/media?parent=15622"}],"wp:term":[{"taxonomy":"product_cat","embeddable":true,"href":"https:\/\/www.hapy-com.fr\/echoppe\/wp-json\/wp\/v2\/product_cat?post=15622"},{"taxonomy":"product_tag","embeddable":true,"href":"https:\/\/www.hapy-com.fr\/echoppe\/wp-json\/wp\/v2\/product_tag?post=15622"}],"curies":[{"name":"wp","href":"https:\/\/api.w.org\/{rel}","templated":true}]}}