{"id":15627,"date":"2022-06-24T12:21:57","date_gmt":"2022-06-24T10:21:57","guid":{"rendered":"http:\/\/www.hapy-com.fr\/echoppe\/product\/lumiere-reflectante-hespar\/"},"modified":"2022-06-24T12:21:57","modified_gmt":"2022-06-24T10:21:57","slug":"lumiere-reflectante-hespar","status":"publish","type":"product","link":"https:\/\/www.hapy-com.fr\/echoppe\/product\/lumiere-reflectante-hespar\/","title":{"rendered":"Lumi\u00e8re R\u00e9fl\u00e9ctante Hespar"},"content":{"rendered":"<p>Pince r\u00e9fl\u00e9chissante avec 2 LED et 2 modes d\u00b4\u00e9clairage. Propos\u00e9e en gamme de couleurs vives et vari\u00e9es. Sp\u00e9cialement adapt\u00e9e aux activit\u00e9s sportives et de loisirs. Piles bouton incluses.<\/p>\n","protected":false},"excerpt":{"rendered":"<p>Pince r\u00e9fl\u00e9chissante avec 2 LED et 2 modes d\u00b4\u00e9clairage. Propos\u00e9e en gamme de couleurs vives et vari\u00e9es. Sp\u00e9cialement adapt\u00e9e aux activit\u00e9s sportives et de loisirs. Piles bouton incluses.<\/p>\n","protected":false},"featured_media":15626,"template":"","meta":[],"product_cat":[352],"product_tag":[],"class_list":{"0":"post-15627","1":"product","2":"type-product","3":"status-publish","4":"has-post-thumbnail","6":"product_cat-enfants","8":"first","9":"instock","10":"shipping-taxable","11":"purchasable","12":"product-type-simple"},"_links":{"self":[{"href":"https:\/\/www.hapy-com.fr\/echoppe\/wp-json\/wp\/v2\/product\/15627","targetHints":{"allow":["GET"]}}],"collection":[{"href":"https:\/\/www.hapy-com.fr\/echoppe\/wp-json\/wp\/v2\/product"}],"about":[{"href":"https:\/\/www.hapy-com.fr\/echoppe\/wp-json\/wp\/v2\/types\/product"}],"wp:featuredmedia":[{"embeddable":true,"href":"https:\/\/www.hapy-com.fr\/echoppe\/wp-json\/wp\/v2\/media\/15626"}],"wp:attachment":[{"href":"https:\/\/www.hapy-com.fr\/echoppe\/wp-json\/wp\/v2\/media?parent=15627"}],"wp:term":[{"taxonomy":"product_cat","embeddable":true,"href":"https:\/\/www.hapy-com.fr\/echoppe\/wp-json\/wp\/v2\/product_cat?post=15627"},{"taxonomy":"product_tag","embeddable":true,"href":"https:\/\/www.hapy-com.fr\/echoppe\/wp-json\/wp\/v2\/product_tag?post=15627"}],"curies":[{"name":"wp","href":"https:\/\/api.w.org\/{rel}","templated":true}]}}