{"id":15637,"date":"2022-06-24T12:22:05","date_gmt":"2022-06-24T10:22:05","guid":{"rendered":"http:\/\/www.hapy-com.fr\/echoppe\/product\/cerf-volant-yumbi\/"},"modified":"2022-06-24T12:22:05","modified_gmt":"2022-06-24T10:22:05","slug":"cerf-volant-yumbi","status":"publish","type":"product","link":"https:\/\/www.hapy-com.fr\/echoppe\/product\/cerf-volant-yumbi\/","title":{"rendered":"Cerf-Volant Yumbi"},"content":{"rendered":"<p>Cerf-volant \u00e0 monter et \u00e0 colorier en polyester r\u00e9sistant 190T, avec 4 crayons de couleur inclus.<\/p>\n","protected":false},"excerpt":{"rendered":"<p>Cerf-volant \u00e0 monter et \u00e0 colorier en polyester r\u00e9sistant 190T, avec 4 crayons de couleur inclus.<\/p>\n","protected":false},"featured_media":15636,"template":"","meta":[],"product_cat":[352],"product_tag":[],"class_list":{"0":"post-15637","1":"product","2":"type-product","3":"status-publish","4":"has-post-thumbnail","6":"product_cat-enfants","8":"first","9":"instock","10":"shipping-taxable","11":"purchasable","12":"product-type-simple"},"_links":{"self":[{"href":"https:\/\/www.hapy-com.fr\/echoppe\/wp-json\/wp\/v2\/product\/15637","targetHints":{"allow":["GET"]}}],"collection":[{"href":"https:\/\/www.hapy-com.fr\/echoppe\/wp-json\/wp\/v2\/product"}],"about":[{"href":"https:\/\/www.hapy-com.fr\/echoppe\/wp-json\/wp\/v2\/types\/product"}],"wp:featuredmedia":[{"embeddable":true,"href":"https:\/\/www.hapy-com.fr\/echoppe\/wp-json\/wp\/v2\/media\/15636"}],"wp:attachment":[{"href":"https:\/\/www.hapy-com.fr\/echoppe\/wp-json\/wp\/v2\/media?parent=15637"}],"wp:term":[{"taxonomy":"product_cat","embeddable":true,"href":"https:\/\/www.hapy-com.fr\/echoppe\/wp-json\/wp\/v2\/product_cat?post=15637"},{"taxonomy":"product_tag","embeddable":true,"href":"https:\/\/www.hapy-com.fr\/echoppe\/wp-json\/wp\/v2\/product_tag?post=15637"}],"curies":[{"name":"wp","href":"https:\/\/api.w.org\/{rel}","templated":true}]}}