{"id":15645,"date":"2022-06-24T12:22:11","date_gmt":"2022-06-24T10:22:11","guid":{"rendered":"http:\/\/www.hapy-com.fr\/echoppe\/product\/yoyo-antibacterien-tesam\/"},"modified":"2022-07-05T21:44:05","modified_gmt":"2022-07-05T19:44:05","slug":"yoyo-antibacterien-tesam","status":"publish","type":"product","link":"https:\/\/www.hapy-com.fr\/echoppe\/product\/yoyo-antibacterien-tesam\/","title":{"rendered":"Yoyo Antibact\u00e9rien Tesam"},"content":{"rendered":"<p>Yoyo antibact\u00e9rien en mat\u00e9riau PS de couleur blanche avec une finition solide. 100 cm, cordon en coton de couleur assortie. Pr\u00e9sent\u00e9 dans un sac individuel.  Les produits avec des traitements antibact\u00e9riens sont capables de r\u00e9duire consid\u00e9rablement les niveaux bact\u00e9riens pr\u00e9sents sur les surfaces des mat\u00e9riaux, gr\u00e2ce \u00e0 l\u00b4ajout d\u00b4agents microbiens statiques permanents, avec une grande efficacit\u00e9 pour inhiber et pr\u00e9venir la contamination bact\u00e9rienne.  Article selon la norme ISO 22196, qui d\u00e9termine l\u00b4activit\u00e9 antibact\u00e9rienne des mati\u00e8res plastiques et des surfaces non poreuses. Cela nous permet de conna\u00eetre l\u00b4efficacit\u00e9 de l\u00b4inhibition microbienne des additifs sur les objets trait\u00e9s au moyen d\u00b4une \u00e9valuation quantitative.<\/p>\n","protected":false},"excerpt":{"rendered":"<p>Yoyo antibact\u00e9rien en mat\u00e9riau PS de couleur blanche avec une finition solide. 100 cm, cordon en coton de couleur assortie. Pr\u00e9sent\u00e9 dans un sac individuel. Les produits avec des traitements&#8230;<\/p>\n","protected":false},"featured_media":15643,"template":"","meta":[],"product_cat":[352,457],"product_tag":[],"class_list":{"0":"post-15645","1":"product","2":"type-product","3":"status-publish","4":"has-post-thumbnail","6":"product_cat-enfants","7":"product_cat-sac","9":"first","10":"instock","11":"shipping-taxable","12":"purchasable","13":"product-type-simple"},"_links":{"self":[{"href":"https:\/\/www.hapy-com.fr\/echoppe\/wp-json\/wp\/v2\/product\/15645","targetHints":{"allow":["GET"]}}],"collection":[{"href":"https:\/\/www.hapy-com.fr\/echoppe\/wp-json\/wp\/v2\/product"}],"about":[{"href":"https:\/\/www.hapy-com.fr\/echoppe\/wp-json\/wp\/v2\/types\/product"}],"wp:featuredmedia":[{"embeddable":true,"href":"https:\/\/www.hapy-com.fr\/echoppe\/wp-json\/wp\/v2\/media\/15643"}],"wp:attachment":[{"href":"https:\/\/www.hapy-com.fr\/echoppe\/wp-json\/wp\/v2\/media?parent=15645"}],"wp:term":[{"taxonomy":"product_cat","embeddable":true,"href":"https:\/\/www.hapy-com.fr\/echoppe\/wp-json\/wp\/v2\/product_cat?post=15645"},{"taxonomy":"product_tag","embeddable":true,"href":"https:\/\/www.hapy-com.fr\/echoppe\/wp-json\/wp\/v2\/product_tag?post=15645"}],"curies":[{"name":"wp","href":"https:\/\/api.w.org\/{rel}","templated":true}]}}