{"id":15652,"date":"2022-06-24T12:22:16","date_gmt":"2022-06-24T10:22:16","guid":{"rendered":"http:\/\/www.hapy-com.fr\/echoppe\/product\/parapluie-espinete\/"},"modified":"2022-07-05T21:38:21","modified_gmt":"2022-07-05T19:38:21","slug":"parapluie-espinete","status":"publish","type":"product","link":"https:\/\/www.hapy-com.fr\/echoppe\/product\/parapluie-espinete\/","title":{"rendered":"Parapluie Espinete"},"content":{"rendered":"<p>Parapluie \u00e0 8 panneaux en polyester r\u00e9sistant avec une finition multicolore amusante. Diam\u00e8tre de 71cm. Ouverture automatique et baleines m\u00e9talliques.<\/p>\n","protected":false},"excerpt":{"rendered":"<p>Parapluie \u00e0 8 panneaux en polyester r\u00e9sistant avec une finition multicolore amusante. Diam\u00e8tre de 71cm. Ouverture automatique et baleines m\u00e9talliques.<\/p>\n","protected":false},"featured_media":15651,"template":"","meta":[],"product_cat":[352,453],"product_tag":[],"class_list":{"0":"post-15652","1":"product","2":"type-product","3":"status-publish","4":"has-post-thumbnail","6":"product_cat-enfants","7":"product_cat-parapluie","9":"first","10":"instock","11":"shipping-taxable","12":"purchasable","13":"product-type-simple"},"_links":{"self":[{"href":"https:\/\/www.hapy-com.fr\/echoppe\/wp-json\/wp\/v2\/product\/15652","targetHints":{"allow":["GET"]}}],"collection":[{"href":"https:\/\/www.hapy-com.fr\/echoppe\/wp-json\/wp\/v2\/product"}],"about":[{"href":"https:\/\/www.hapy-com.fr\/echoppe\/wp-json\/wp\/v2\/types\/product"}],"wp:featuredmedia":[{"embeddable":true,"href":"https:\/\/www.hapy-com.fr\/echoppe\/wp-json\/wp\/v2\/media\/15651"}],"wp:attachment":[{"href":"https:\/\/www.hapy-com.fr\/echoppe\/wp-json\/wp\/v2\/media?parent=15652"}],"wp:term":[{"taxonomy":"product_cat","embeddable":true,"href":"https:\/\/www.hapy-com.fr\/echoppe\/wp-json\/wp\/v2\/product_cat?post=15652"},{"taxonomy":"product_tag","embeddable":true,"href":"https:\/\/www.hapy-com.fr\/echoppe\/wp-json\/wp\/v2\/product_tag?post=15652"}],"curies":[{"name":"wp","href":"https:\/\/api.w.org\/{rel}","templated":true}]}}