{"id":15654,"date":"2022-06-24T12:22:18","date_gmt":"2022-06-24T10:22:18","guid":{"rendered":"http:\/\/www.hapy-com.fr\/echoppe\/product\/mini-puzzle-mazinger\/"},"modified":"2022-06-24T12:22:18","modified_gmt":"2022-06-24T10:22:18","slug":"mini-puzzle-mazinger","status":"publish","type":"product","link":"https:\/\/www.hapy-com.fr\/echoppe\/product\/mini-puzzle-mazinger\/","title":{"rendered":"Mini Puzzle Mazinger"},"content":{"rendered":"<p>Mini puzzle casse-t\u00eate sp\u00e9cialement con\u00e7u pour le marquage num\u00e9rique.<\/p>\n","protected":false},"excerpt":{"rendered":"<p>Mini puzzle casse-t\u00eate sp\u00e9cialement con\u00e7u pour le marquage num\u00e9rique.<\/p>\n","protected":false},"featured_media":15653,"template":"","meta":[],"product_cat":[352],"product_tag":[],"class_list":{"0":"post-15654","1":"product","2":"type-product","3":"status-publish","4":"has-post-thumbnail","6":"product_cat-enfants","8":"first","9":"instock","10":"shipping-taxable","11":"purchasable","12":"product-type-simple"},"_links":{"self":[{"href":"https:\/\/www.hapy-com.fr\/echoppe\/wp-json\/wp\/v2\/product\/15654","targetHints":{"allow":["GET"]}}],"collection":[{"href":"https:\/\/www.hapy-com.fr\/echoppe\/wp-json\/wp\/v2\/product"}],"about":[{"href":"https:\/\/www.hapy-com.fr\/echoppe\/wp-json\/wp\/v2\/types\/product"}],"wp:featuredmedia":[{"embeddable":true,"href":"https:\/\/www.hapy-com.fr\/echoppe\/wp-json\/wp\/v2\/media\/15653"}],"wp:attachment":[{"href":"https:\/\/www.hapy-com.fr\/echoppe\/wp-json\/wp\/v2\/media?parent=15654"}],"wp:term":[{"taxonomy":"product_cat","embeddable":true,"href":"https:\/\/www.hapy-com.fr\/echoppe\/wp-json\/wp\/v2\/product_cat?post=15654"},{"taxonomy":"product_tag","embeddable":true,"href":"https:\/\/www.hapy-com.fr\/echoppe\/wp-json\/wp\/v2\/product_tag?post=15654"}],"curies":[{"name":"wp","href":"https:\/\/api.w.org\/{rel}","templated":true}]}}