{"id":15669,"date":"2022-06-24T12:22:30","date_gmt":"2022-06-24T10:22:30","guid":{"rendered":"http:\/\/www.hapy-com.fr\/echoppe\/product\/trousse-clown\/"},"modified":"2022-06-24T12:22:30","modified_gmt":"2022-06-24T10:22:30","slug":"trousse-clown","status":"publish","type":"product","link":"https:\/\/www.hapy-com.fr\/echoppe\/product\/trousse-clown\/","title":{"rendered":"Trousse Clown"},"content":{"rendered":"<p>Ensemble de 14 pi\u00e8ces pr\u00e9sent\u00e9es dans une mallette r\u00e9sistante avec compartiments de s\u00e9curit\u00e9 \u00e0 l\u00b4int\u00e9rieur. Couleurs brillantes.Contient une gomme, des taille-crayons, des crayons de cire et des crayons en bois \u00e0 corps cylindriques de diff\u00e9rentes couleurs.<\/p>\n","protected":false},"excerpt":{"rendered":"<p>Ensemble de 14 pi\u00e8ces pr\u00e9sent\u00e9es dans une mallette r\u00e9sistante avec compartiments de s\u00e9curit\u00e9 \u00e0 l\u00b4int\u00e9rieur. Couleurs brillantes.Contient une gomme, des taille-crayons, des crayons de cire et des crayons en bois&#8230;<\/p>\n","protected":false},"featured_media":15667,"template":"","meta":[],"product_cat":[352],"product_tag":[],"class_list":{"0":"post-15669","1":"product","2":"type-product","3":"status-publish","4":"has-post-thumbnail","6":"product_cat-enfants","8":"first","9":"instock","10":"shipping-taxable","11":"purchasable","12":"product-type-simple"},"_links":{"self":[{"href":"https:\/\/www.hapy-com.fr\/echoppe\/wp-json\/wp\/v2\/product\/15669","targetHints":{"allow":["GET"]}}],"collection":[{"href":"https:\/\/www.hapy-com.fr\/echoppe\/wp-json\/wp\/v2\/product"}],"about":[{"href":"https:\/\/www.hapy-com.fr\/echoppe\/wp-json\/wp\/v2\/types\/product"}],"wp:featuredmedia":[{"embeddable":true,"href":"https:\/\/www.hapy-com.fr\/echoppe\/wp-json\/wp\/v2\/media\/15667"}],"wp:attachment":[{"href":"https:\/\/www.hapy-com.fr\/echoppe\/wp-json\/wp\/v2\/media?parent=15669"}],"wp:term":[{"taxonomy":"product_cat","embeddable":true,"href":"https:\/\/www.hapy-com.fr\/echoppe\/wp-json\/wp\/v2\/product_cat?post=15669"},{"taxonomy":"product_tag","embeddable":true,"href":"https:\/\/www.hapy-com.fr\/echoppe\/wp-json\/wp\/v2\/product_tag?post=15669"}],"curies":[{"name":"wp","href":"https:\/\/api.w.org\/{rel}","templated":true}]}}