{"id":15672,"date":"2022-06-24T12:22:32","date_gmt":"2022-06-24T10:22:32","guid":{"rendered":"http:\/\/www.hapy-com.fr\/echoppe\/product\/set-delia\/"},"modified":"2022-07-05T21:44:37","modified_gmt":"2022-07-05T19:44:37","slug":"set-delia","status":"publish","type":"product","link":"https:\/\/www.hapy-com.fr\/echoppe\/product\/set-delia\/","title":{"rendered":"Set Delia"},"content":{"rendered":"<p>Ensemble compos\u00e9 de 5 pi\u00e8ces en couleurs vives. Comprend 2 crayons \u00e0 mine noire avec corps cylindrique, une gomme et un taille-crayon. Pr\u00e9sent\u00e9 dans un \u00e9tui en forme de r\u00e8gle avec compartiments.<\/p>\n","protected":false},"excerpt":{"rendered":"<p>Ensemble compos\u00e9 de 5 pi\u00e8ces en couleurs vives. Comprend 2 crayons \u00e0 mine noire avec corps cylindrique, une gomme et un taille-crayon. Pr\u00e9sent\u00e9 dans un \u00e9tui en forme de r\u00e8gle&#8230;<\/p>\n","protected":false},"featured_media":15670,"template":"","meta":[],"product_cat":[352,458],"product_tag":[],"class_list":{"0":"post-15672","1":"product","2":"type-product","3":"status-publish","4":"has-post-thumbnail","6":"product_cat-enfants","7":"product_cat-set","9":"first","10":"instock","11":"shipping-taxable","12":"purchasable","13":"product-type-simple"},"_links":{"self":[{"href":"https:\/\/www.hapy-com.fr\/echoppe\/wp-json\/wp\/v2\/product\/15672","targetHints":{"allow":["GET"]}}],"collection":[{"href":"https:\/\/www.hapy-com.fr\/echoppe\/wp-json\/wp\/v2\/product"}],"about":[{"href":"https:\/\/www.hapy-com.fr\/echoppe\/wp-json\/wp\/v2\/types\/product"}],"wp:featuredmedia":[{"embeddable":true,"href":"https:\/\/www.hapy-com.fr\/echoppe\/wp-json\/wp\/v2\/media\/15670"}],"wp:attachment":[{"href":"https:\/\/www.hapy-com.fr\/echoppe\/wp-json\/wp\/v2\/media?parent=15672"}],"wp:term":[{"taxonomy":"product_cat","embeddable":true,"href":"https:\/\/www.hapy-com.fr\/echoppe\/wp-json\/wp\/v2\/product_cat?post=15672"},{"taxonomy":"product_tag","embeddable":true,"href":"https:\/\/www.hapy-com.fr\/echoppe\/wp-json\/wp\/v2\/product_tag?post=15672"}],"curies":[{"name":"wp","href":"https:\/\/api.w.org\/{rel}","templated":true}]}}