{"id":15704,"date":"2022-06-24T12:23:02","date_gmt":"2022-06-24T10:23:02","guid":{"rendered":"http:\/\/www.hapy-com.fr\/echoppe\/product\/x-banner-lessep\/"},"modified":"2022-06-24T12:23:02","modified_gmt":"2022-06-24T10:23:02","slug":"x-banner-lessep","status":"publish","type":"product","link":"https:\/\/www.hapy-com.fr\/echoppe\/product\/x-banner-lessep\/","title":{"rendered":"X-Banner Lessep"},"content":{"rendered":"<p>Support pour panneau imprim\u00e9 X-banner de 60 x160cm. Avec barres de fixation extra r\u00e9sistantes en fibre de verre. Livr\u00e9 avec housse individuelle.<\/p>\n","protected":false},"excerpt":{"rendered":"<p>Support pour panneau imprim\u00e9 X-banner de 60 x160cm. Avec barres de fixation extra r\u00e9sistantes en fibre de verre. Livr\u00e9 avec housse individuelle.<\/p>\n","protected":false},"featured_media":15703,"template":"","meta":[],"product_cat":[353],"product_tag":[],"class_list":{"0":"post-15704","1":"product","2":"type-product","3":"status-publish","4":"has-post-thumbnail","6":"product_cat-evenementiel","8":"first","9":"instock","10":"shipping-taxable","11":"purchasable","12":"product-type-simple"},"_links":{"self":[{"href":"https:\/\/www.hapy-com.fr\/echoppe\/wp-json\/wp\/v2\/product\/15704","targetHints":{"allow":["GET"]}}],"collection":[{"href":"https:\/\/www.hapy-com.fr\/echoppe\/wp-json\/wp\/v2\/product"}],"about":[{"href":"https:\/\/www.hapy-com.fr\/echoppe\/wp-json\/wp\/v2\/types\/product"}],"wp:featuredmedia":[{"embeddable":true,"href":"https:\/\/www.hapy-com.fr\/echoppe\/wp-json\/wp\/v2\/media\/15703"}],"wp:attachment":[{"href":"https:\/\/www.hapy-com.fr\/echoppe\/wp-json\/wp\/v2\/media?parent=15704"}],"wp:term":[{"taxonomy":"product_cat","embeddable":true,"href":"https:\/\/www.hapy-com.fr\/echoppe\/wp-json\/wp\/v2\/product_cat?post=15704"},{"taxonomy":"product_tag","embeddable":true,"href":"https:\/\/www.hapy-com.fr\/echoppe\/wp-json\/wp\/v2\/product_tag?post=15704"}],"curies":[{"name":"wp","href":"https:\/\/api.w.org\/{rel}","templated":true}]}}