{"id":15709,"date":"2022-06-24T12:23:07","date_gmt":"2022-06-24T10:23:07","guid":{"rendered":"http:\/\/www.hapy-com.fr\/echoppe\/product\/support-drapeau-pentho\/"},"modified":"2022-06-24T12:23:07","modified_gmt":"2022-06-24T10:23:07","slug":"support-drapeau-pentho","status":"publish","type":"product","link":"https:\/\/www.hapy-com.fr\/echoppe\/product\/support-drapeau-pentho\/","title":{"rendered":"Support Drapeau Pentho"},"content":{"rendered":"<p>Support avec drapeau en polyester r\u00e9sistant de couleurs vives avec surface renforc\u00e9e de marquage de 95 x 200cm. M\u00e2t flexible en fibre de verre et support en acier avec taquets antid\u00e9rapants. Comprend une embase \u00e0 remplir pour plus de stabilit\u00e9. Drapeau de rechange disponible ref 5459 Pentho.<\/p>\n","protected":false},"excerpt":{"rendered":"<p>Support avec drapeau en polyester r\u00e9sistant de couleurs vives avec surface renforc\u00e9e de marquage de 95 x 200cm. M\u00e2t flexible en fibre de verre et support en acier avec taquets&#8230;<\/p>\n","protected":false},"featured_media":15707,"template":"","meta":[],"product_cat":[353],"product_tag":[],"class_list":{"0":"post-15709","1":"product","2":"type-product","3":"status-publish","4":"has-post-thumbnail","6":"product_cat-evenementiel","8":"first","9":"instock","10":"shipping-taxable","11":"purchasable","12":"product-type-simple"},"_links":{"self":[{"href":"https:\/\/www.hapy-com.fr\/echoppe\/wp-json\/wp\/v2\/product\/15709","targetHints":{"allow":["GET"]}}],"collection":[{"href":"https:\/\/www.hapy-com.fr\/echoppe\/wp-json\/wp\/v2\/product"}],"about":[{"href":"https:\/\/www.hapy-com.fr\/echoppe\/wp-json\/wp\/v2\/types\/product"}],"wp:featuredmedia":[{"embeddable":true,"href":"https:\/\/www.hapy-com.fr\/echoppe\/wp-json\/wp\/v2\/media\/15707"}],"wp:attachment":[{"href":"https:\/\/www.hapy-com.fr\/echoppe\/wp-json\/wp\/v2\/media?parent=15709"}],"wp:term":[{"taxonomy":"product_cat","embeddable":true,"href":"https:\/\/www.hapy-com.fr\/echoppe\/wp-json\/wp\/v2\/product_cat?post=15709"},{"taxonomy":"product_tag","embeddable":true,"href":"https:\/\/www.hapy-com.fr\/echoppe\/wp-json\/wp\/v2\/product_tag?post=15709"}],"curies":[{"name":"wp","href":"https:\/\/api.w.org\/{rel}","templated":true}]}}