{"id":15715,"date":"2022-06-24T12:23:13","date_gmt":"2022-06-24T10:23:13","guid":{"rendered":"http:\/\/www.hapy-com.fr\/echoppe\/product\/sac-a-dos-drapeau-heldex\/"},"modified":"2022-06-24T12:23:13","modified_gmt":"2022-06-24T10:23:13","slug":"sac-a-dos-drapeau-heldex","status":"publish","type":"product","link":"https:\/\/www.hapy-com.fr\/echoppe\/product\/sac-a-dos-drapeau-heldex\/","title":{"rendered":"Sac \u00e0 Dos Drapeau Heldex"},"content":{"rendered":"<p>Sac porte drapeau avec anses et dos rembourr\u00e9s. Comprend un drapeau en polyester r\u00e9sistant disponible en couleurs vives avec surface renforc\u00e9e de marquage  de 55 x 115cm et m\u00e2t souple en fibre de verre. Drapeau de rechange disponible ref 5461 Heldex.<\/p>\n","protected":false},"excerpt":{"rendered":"<p>Sac porte drapeau avec anses et dos rembourr\u00e9s. Comprend un drapeau en polyester r\u00e9sistant disponible en couleurs vives avec surface renforc\u00e9e de marquage de 55 x 115cm et m\u00e2t souple&#8230;<\/p>\n","protected":false},"featured_media":15713,"template":"","meta":[],"product_cat":[353],"product_tag":[],"class_list":{"0":"post-15715","1":"product","2":"type-product","3":"status-publish","4":"has-post-thumbnail","6":"product_cat-evenementiel","8":"first","9":"instock","10":"shipping-taxable","11":"purchasable","12":"product-type-simple"},"_links":{"self":[{"href":"https:\/\/www.hapy-com.fr\/echoppe\/wp-json\/wp\/v2\/product\/15715","targetHints":{"allow":["GET"]}}],"collection":[{"href":"https:\/\/www.hapy-com.fr\/echoppe\/wp-json\/wp\/v2\/product"}],"about":[{"href":"https:\/\/www.hapy-com.fr\/echoppe\/wp-json\/wp\/v2\/types\/product"}],"wp:featuredmedia":[{"embeddable":true,"href":"https:\/\/www.hapy-com.fr\/echoppe\/wp-json\/wp\/v2\/media\/15713"}],"wp:attachment":[{"href":"https:\/\/www.hapy-com.fr\/echoppe\/wp-json\/wp\/v2\/media?parent=15715"}],"wp:term":[{"taxonomy":"product_cat","embeddable":true,"href":"https:\/\/www.hapy-com.fr\/echoppe\/wp-json\/wp\/v2\/product_cat?post=15715"},{"taxonomy":"product_tag","embeddable":true,"href":"https:\/\/www.hapy-com.fr\/echoppe\/wp-json\/wp\/v2\/product_tag?post=15715"}],"curies":[{"name":"wp","href":"https:\/\/api.w.org\/{rel}","templated":true}]}}