{"id":15734,"date":"2022-06-24T12:23:32","date_gmt":"2022-06-24T10:23:32","guid":{"rendered":"http:\/\/www.hapy-com.fr\/echoppe\/product\/compteur-dolim\/"},"modified":"2022-06-24T12:23:32","modified_gmt":"2022-06-24T10:23:32","slug":"compteur-dolim","status":"publish","type":"product","link":"https:\/\/www.hapy-com.fr\/echoppe\/product\/compteur-dolim\/","title":{"rendered":"Compteur Dolim"},"content":{"rendered":"<p>Compteur num\u00e9rique manuel, fabriqu\u00e9 en ABS durable avec une finition brillante. Lanyard en polyester utile et larges boutons de comptoir pour ajouter ou r\u00e9duire la capacit\u00e9. \u00c9cran LCD num\u00e9rique avec compteur \u00e0 4 chiffres et bouton de r\u00e9initialisation sur le dessus. Large zone de logo, sp\u00e9cialement con\u00e7ue pour la tampographie. Pr\u00e9sentation sous boite individuelle. Alimentation par pile, pile bouton incluse.<\/p>\n","protected":false},"excerpt":{"rendered":"<p>Compteur num\u00e9rique manuel, fabriqu\u00e9 en ABS durable avec une finition brillante. Lanyard en polyester utile et larges boutons de comptoir pour ajouter ou r\u00e9duire la capacit\u00e9. \u00c9cran LCD num\u00e9rique avec&#8230;<\/p>\n","protected":false},"featured_media":15732,"template":"","meta":[],"product_cat":[353],"product_tag":[],"class_list":{"0":"post-15734","1":"product","2":"type-product","3":"status-publish","4":"has-post-thumbnail","6":"product_cat-evenementiel","8":"first","9":"instock","10":"shipping-taxable","11":"purchasable","12":"product-type-simple"},"_links":{"self":[{"href":"https:\/\/www.hapy-com.fr\/echoppe\/wp-json\/wp\/v2\/product\/15734","targetHints":{"allow":["GET"]}}],"collection":[{"href":"https:\/\/www.hapy-com.fr\/echoppe\/wp-json\/wp\/v2\/product"}],"about":[{"href":"https:\/\/www.hapy-com.fr\/echoppe\/wp-json\/wp\/v2\/types\/product"}],"wp:featuredmedia":[{"embeddable":true,"href":"https:\/\/www.hapy-com.fr\/echoppe\/wp-json\/wp\/v2\/media\/15732"}],"wp:attachment":[{"href":"https:\/\/www.hapy-com.fr\/echoppe\/wp-json\/wp\/v2\/media?parent=15734"}],"wp:term":[{"taxonomy":"product_cat","embeddable":true,"href":"https:\/\/www.hapy-com.fr\/echoppe\/wp-json\/wp\/v2\/product_cat?post=15734"},{"taxonomy":"product_tag","embeddable":true,"href":"https:\/\/www.hapy-com.fr\/echoppe\/wp-json\/wp\/v2\/product_tag?post=15734"}],"curies":[{"name":"wp","href":"https:\/\/api.w.org\/{rel}","templated":true}]}}