{"id":15771,"date":"2022-06-24T12:24:04","date_gmt":"2022-06-24T10:24:04","guid":{"rendered":"http:\/\/www.hapy-com.fr\/echoppe\/product\/sac-pliable-palmi\/"},"modified":"2022-06-24T12:24:04","modified_gmt":"2022-06-24T10:24:04","slug":"sac-pliable-palmi","status":"publish","type":"product","link":"https:\/\/www.hapy-com.fr\/echoppe\/product\/sac-pliable-palmi\/","title":{"rendered":"Sac Pliable Palmi"},"content":{"rendered":"<p>Sac pliable au design amusant de No\u00ebl en rouge \u00e9clatant. Fabriqu\u00e9 en polyester lisse 190T, avec une finition cousue et un sac pliable en forme de chapeau  de No\u00ebl.<\/p>\n","protected":false},"excerpt":{"rendered":"<p>Sac pliable au design amusant de No\u00ebl en rouge \u00e9clatant. Fabriqu\u00e9 en polyester lisse 190T, avec une finition cousue et un sac pliable en forme de chapeau de No\u00ebl.<\/p>\n","protected":false},"featured_media":15770,"template":"","meta":[],"product_cat":[354],"product_tag":[],"class_list":{"0":"post-15771","1":"product","2":"type-product","3":"status-publish","4":"has-post-thumbnail","6":"product_cat-noel","8":"first","9":"instock","10":"shipping-taxable","11":"purchasable","12":"product-type-simple"},"_links":{"self":[{"href":"https:\/\/www.hapy-com.fr\/echoppe\/wp-json\/wp\/v2\/product\/15771","targetHints":{"allow":["GET"]}}],"collection":[{"href":"https:\/\/www.hapy-com.fr\/echoppe\/wp-json\/wp\/v2\/product"}],"about":[{"href":"https:\/\/www.hapy-com.fr\/echoppe\/wp-json\/wp\/v2\/types\/product"}],"wp:featuredmedia":[{"embeddable":true,"href":"https:\/\/www.hapy-com.fr\/echoppe\/wp-json\/wp\/v2\/media\/15770"}],"wp:attachment":[{"href":"https:\/\/www.hapy-com.fr\/echoppe\/wp-json\/wp\/v2\/media?parent=15771"}],"wp:term":[{"taxonomy":"product_cat","embeddable":true,"href":"https:\/\/www.hapy-com.fr\/echoppe\/wp-json\/wp\/v2\/product_cat?post=15771"},{"taxonomy":"product_tag","embeddable":true,"href":"https:\/\/www.hapy-com.fr\/echoppe\/wp-json\/wp\/v2\/product_tag?post=15771"}],"curies":[{"name":"wp","href":"https:\/\/api.w.org\/{rel}","templated":true}]}}