{"id":15773,"date":"2022-06-24T12:24:05","date_gmt":"2022-06-24T10:24:05","guid":{"rendered":"http:\/\/www.hapy-com.fr\/echoppe\/product\/set-sous-verre-mandi\/"},"modified":"2022-06-24T12:24:05","modified_gmt":"2022-06-24T10:24:05","slug":"set-sous-verre-mandi","status":"publish","type":"product","link":"https:\/\/www.hapy-com.fr\/echoppe\/product\/set-sous-verre-mandi\/","title":{"rendered":"Set Sous-Verre Mandi"},"content":{"rendered":"<p>Set de 4 sous-verres en feutre lisse et r\u00e9sistant avec motifs de rennes d\u00e9coup\u00e9s \u00e0 l\u00b4emporte-pi\u00e8ce.<\/p>\n","protected":false},"excerpt":{"rendered":"<p>Set de 4 sous-verres en feutre lisse et r\u00e9sistant avec motifs de rennes d\u00e9coup\u00e9s \u00e0 l\u00b4emporte-pi\u00e8ce.<\/p>\n","protected":false},"featured_media":15772,"template":"","meta":[],"product_cat":[354],"product_tag":[],"class_list":{"0":"post-15773","1":"product","2":"type-product","3":"status-publish","4":"has-post-thumbnail","6":"product_cat-noel","8":"first","9":"instock","10":"shipping-taxable","11":"purchasable","12":"product-type-simple"},"_links":{"self":[{"href":"https:\/\/www.hapy-com.fr\/echoppe\/wp-json\/wp\/v2\/product\/15773","targetHints":{"allow":["GET"]}}],"collection":[{"href":"https:\/\/www.hapy-com.fr\/echoppe\/wp-json\/wp\/v2\/product"}],"about":[{"href":"https:\/\/www.hapy-com.fr\/echoppe\/wp-json\/wp\/v2\/types\/product"}],"wp:featuredmedia":[{"embeddable":true,"href":"https:\/\/www.hapy-com.fr\/echoppe\/wp-json\/wp\/v2\/media\/15772"}],"wp:attachment":[{"href":"https:\/\/www.hapy-com.fr\/echoppe\/wp-json\/wp\/v2\/media?parent=15773"}],"wp:term":[{"taxonomy":"product_cat","embeddable":true,"href":"https:\/\/www.hapy-com.fr\/echoppe\/wp-json\/wp\/v2\/product_cat?post=15773"},{"taxonomy":"product_tag","embeddable":true,"href":"https:\/\/www.hapy-com.fr\/echoppe\/wp-json\/wp\/v2\/product_tag?post=15773"}],"curies":[{"name":"wp","href":"https:\/\/api.w.org\/{rel}","templated":true}]}}