{"id":15777,"date":"2022-06-24T12:24:13","date_gmt":"2022-06-24T10:24:13","guid":{"rendered":"http:\/\/www.hapy-com.fr\/echoppe\/product\/sphere-sasky\/"},"modified":"2022-06-24T12:24:13","modified_gmt":"2022-06-24T10:24:13","slug":"sphere-sasky","status":"publish","type":"product","link":"https:\/\/www.hapy-com.fr\/echoppe\/product\/sphere-sasky\/","title":{"rendered":"Sph\u00e8re Sasky"},"content":{"rendered":"<p>Boule de No\u00ebl avec un liquide enneig\u00e9 \u00e0 l\u00b4int\u00e9rieur et un design amusant du No\u00ebl. Pr\u00e9sent\u00e9 dans une bo\u00eete individuelle avec protection.<\/p>\n","protected":false},"excerpt":{"rendered":"<p>Boule de No\u00ebl avec un liquide enneig\u00e9 \u00e0 l\u00b4int\u00e9rieur et un design amusant du No\u00ebl. Pr\u00e9sent\u00e9 dans une bo\u00eete individuelle avec protection.<\/p>\n","protected":false},"featured_media":15776,"template":"","meta":[],"product_cat":[354],"product_tag":[],"class_list":{"0":"post-15777","1":"product","2":"type-product","3":"status-publish","4":"has-post-thumbnail","6":"product_cat-noel","8":"first","9":"instock","10":"shipping-taxable","11":"purchasable","12":"product-type-simple"},"_links":{"self":[{"href":"https:\/\/www.hapy-com.fr\/echoppe\/wp-json\/wp\/v2\/product\/15777","targetHints":{"allow":["GET"]}}],"collection":[{"href":"https:\/\/www.hapy-com.fr\/echoppe\/wp-json\/wp\/v2\/product"}],"about":[{"href":"https:\/\/www.hapy-com.fr\/echoppe\/wp-json\/wp\/v2\/types\/product"}],"wp:featuredmedia":[{"embeddable":true,"href":"https:\/\/www.hapy-com.fr\/echoppe\/wp-json\/wp\/v2\/media\/15776"}],"wp:attachment":[{"href":"https:\/\/www.hapy-com.fr\/echoppe\/wp-json\/wp\/v2\/media?parent=15777"}],"wp:term":[{"taxonomy":"product_cat","embeddable":true,"href":"https:\/\/www.hapy-com.fr\/echoppe\/wp-json\/wp\/v2\/product_cat?post=15777"},{"taxonomy":"product_tag","embeddable":true,"href":"https:\/\/www.hapy-com.fr\/echoppe\/wp-json\/wp\/v2\/product_tag?post=15777"}],"curies":[{"name":"wp","href":"https:\/\/api.w.org\/{rel}","templated":true}]}}