{"id":15779,"date":"2022-06-24T12:24:14","date_gmt":"2022-06-24T10:24:14","guid":{"rendered":"http:\/\/www.hapy-com.fr\/echoppe\/product\/couverture-landak\/"},"modified":"2022-06-24T12:24:14","modified_gmt":"2022-06-24T10:24:14","slug":"couverture-landak","status":"publish","type":"product","link":"https:\/\/www.hapy-com.fr\/echoppe\/product\/couverture-landak\/","title":{"rendered":"Couverture Landak"},"content":{"rendered":"<p>Couverture 130x160cm en original motif de No\u00ebl rouge avec motifs de No\u00ebl blancs. En molleton polaire lisse et chaud de 200g\/m2 avec traitement anti-pilling. Pr\u00e9sent\u00e9 avec carton argent\u00e9 et ruban assorti en polyester souple. *Pour les commandes avec impression, le co\u00fbt du marquage doit \u00eatre major\u00e9 de + 0,20 \/ unit\u00e9 pour traitement sp\u00e9cial.*<\/p>\n","protected":false},"excerpt":{"rendered":"<p>Couverture 130x160cm en original motif de No\u00ebl rouge avec motifs de No\u00ebl blancs. En molleton polaire lisse et chaud de 200g\/m2 avec traitement anti-pilling. Pr\u00e9sent\u00e9 avec carton argent\u00e9 et ruban&#8230;<\/p>\n","protected":false},"featured_media":15778,"template":"","meta":[],"product_cat":[354],"product_tag":[],"class_list":{"0":"post-15779","1":"product","2":"type-product","3":"status-publish","4":"has-post-thumbnail","6":"product_cat-noel","8":"first","9":"instock","10":"shipping-taxable","11":"purchasable","12":"product-type-simple"},"_links":{"self":[{"href":"https:\/\/www.hapy-com.fr\/echoppe\/wp-json\/wp\/v2\/product\/15779","targetHints":{"allow":["GET"]}}],"collection":[{"href":"https:\/\/www.hapy-com.fr\/echoppe\/wp-json\/wp\/v2\/product"}],"about":[{"href":"https:\/\/www.hapy-com.fr\/echoppe\/wp-json\/wp\/v2\/types\/product"}],"wp:featuredmedia":[{"embeddable":true,"href":"https:\/\/www.hapy-com.fr\/echoppe\/wp-json\/wp\/v2\/media\/15778"}],"wp:attachment":[{"href":"https:\/\/www.hapy-com.fr\/echoppe\/wp-json\/wp\/v2\/media?parent=15779"}],"wp:term":[{"taxonomy":"product_cat","embeddable":true,"href":"https:\/\/www.hapy-com.fr\/echoppe\/wp-json\/wp\/v2\/product_cat?post=15779"},{"taxonomy":"product_tag","embeddable":true,"href":"https:\/\/www.hapy-com.fr\/echoppe\/wp-json\/wp\/v2\/product_tag?post=15779"}],"curies":[{"name":"wp","href":"https:\/\/api.w.org\/{rel}","templated":true}]}}