{"id":15786,"date":"2022-06-24T12:24:21","date_gmt":"2022-06-24T10:24:21","guid":{"rendered":"http:\/\/www.hapy-com.fr\/echoppe\/product\/stylo-yule\/"},"modified":"2022-06-24T12:24:21","modified_gmt":"2022-06-24T10:24:21","slug":"stylo-yule","status":"publish","type":"product","link":"https:\/\/www.hapy-com.fr\/echoppe\/product\/stylo-yule\/","title":{"rendered":"Stylo Yule"},"content":{"rendered":"<p>Stylo \u00e0 bouton-poussoir design bicolore de No\u00ebl avec un corps courb\u00e9 et une finition lisse. Avec clip plat assorti et boule de neige imprim\u00e9e sur le dessus. De l\u00b4encre bleue.<\/p>\n","protected":false},"excerpt":{"rendered":"<p>Stylo \u00e0 bouton-poussoir design bicolore de No\u00ebl avec un corps courb\u00e9 et une finition lisse. Avec clip plat assorti et boule de neige imprim\u00e9e sur le dessus. De l\u00b4encre bleue.<\/p>\n","protected":false},"featured_media":15785,"template":"","meta":[],"product_cat":[354],"product_tag":[],"class_list":{"0":"post-15786","1":"product","2":"type-product","3":"status-publish","4":"has-post-thumbnail","6":"product_cat-noel","8":"first","9":"instock","10":"shipping-taxable","11":"purchasable","12":"product-type-simple"},"_links":{"self":[{"href":"https:\/\/www.hapy-com.fr\/echoppe\/wp-json\/wp\/v2\/product\/15786","targetHints":{"allow":["GET"]}}],"collection":[{"href":"https:\/\/www.hapy-com.fr\/echoppe\/wp-json\/wp\/v2\/product"}],"about":[{"href":"https:\/\/www.hapy-com.fr\/echoppe\/wp-json\/wp\/v2\/types\/product"}],"wp:featuredmedia":[{"embeddable":true,"href":"https:\/\/www.hapy-com.fr\/echoppe\/wp-json\/wp\/v2\/media\/15785"}],"wp:attachment":[{"href":"https:\/\/www.hapy-com.fr\/echoppe\/wp-json\/wp\/v2\/media?parent=15786"}],"wp:term":[{"taxonomy":"product_cat","embeddable":true,"href":"https:\/\/www.hapy-com.fr\/echoppe\/wp-json\/wp\/v2\/product_cat?post=15786"},{"taxonomy":"product_tag","embeddable":true,"href":"https:\/\/www.hapy-com.fr\/echoppe\/wp-json\/wp\/v2\/product_tag?post=15786"}],"curies":[{"name":"wp","href":"https:\/\/api.w.org\/{rel}","templated":true}]}}