{"id":15789,"date":"2022-06-24T12:24:23","date_gmt":"2022-06-24T10:24:23","guid":{"rendered":"http:\/\/www.hapy-com.fr\/echoppe\/product\/etui-zisuk\/"},"modified":"2022-06-24T12:24:23","modified_gmt":"2022-06-24T10:24:23","slug":"etui-zisuk","status":"publish","type":"product","link":"https:\/\/www.hapy-com.fr\/echoppe\/product\/etui-zisuk\/","title":{"rendered":"\u00c9tui Zisuk"},"content":{"rendered":"<p>Housse pour smartphone en design original Chapeau de No\u00ebl dans une gamme de couleurs amusante. Avec des fermetures de cordon et en polyester r\u00e9sistant.<\/p>\n","protected":false},"excerpt":{"rendered":"<p>Housse pour smartphone en design original Chapeau de No\u00ebl dans une gamme de couleurs amusante. Avec des fermetures de cordon et en polyester r\u00e9sistant.<\/p>\n","protected":false},"featured_media":15787,"template":"","meta":[],"product_cat":[354],"product_tag":[],"class_list":{"0":"post-15789","1":"product","2":"type-product","3":"status-publish","4":"has-post-thumbnail","6":"product_cat-noel","8":"first","9":"instock","10":"shipping-taxable","11":"purchasable","12":"product-type-simple"},"_links":{"self":[{"href":"https:\/\/www.hapy-com.fr\/echoppe\/wp-json\/wp\/v2\/product\/15789","targetHints":{"allow":["GET"]}}],"collection":[{"href":"https:\/\/www.hapy-com.fr\/echoppe\/wp-json\/wp\/v2\/product"}],"about":[{"href":"https:\/\/www.hapy-com.fr\/echoppe\/wp-json\/wp\/v2\/types\/product"}],"wp:featuredmedia":[{"embeddable":true,"href":"https:\/\/www.hapy-com.fr\/echoppe\/wp-json\/wp\/v2\/media\/15787"}],"wp:attachment":[{"href":"https:\/\/www.hapy-com.fr\/echoppe\/wp-json\/wp\/v2\/media?parent=15789"}],"wp:term":[{"taxonomy":"product_cat","embeddable":true,"href":"https:\/\/www.hapy-com.fr\/echoppe\/wp-json\/wp\/v2\/product_cat?post=15789"},{"taxonomy":"product_tag","embeddable":true,"href":"https:\/\/www.hapy-com.fr\/echoppe\/wp-json\/wp\/v2\/product_tag?post=15789"}],"curies":[{"name":"wp","href":"https:\/\/api.w.org\/{rel}","templated":true}]}}