{"id":15793,"date":"2022-06-24T12:24:26","date_gmt":"2022-06-24T10:24:26","guid":{"rendered":"http:\/\/www.hapy-com.fr\/echoppe\/product\/set-bouteilles-douki\/"},"modified":"2022-06-24T12:24:26","modified_gmt":"2022-06-24T10:24:26","slug":"set-bouteilles-douki","status":"publish","type":"product","link":"https:\/\/www.hapy-com.fr\/echoppe\/product\/set-bouteilles-douki\/","title":{"rendered":"Set Bouteilles Douki"},"content":{"rendered":"<p>Set pour la d\u00e9coration de bouteilles au design original de No\u00ebl et en polyester r\u00e9sistant. Inclut l\u00b4\u00e9charpe et le chapeau du No\u00ebl.<\/p>\n","protected":false},"excerpt":{"rendered":"<p>Set pour la d\u00e9coration de bouteilles au design original de No\u00ebl et en polyester r\u00e9sistant. Inclut l\u00b4\u00e9charpe et le chapeau du No\u00ebl.<\/p>\n","protected":false},"featured_media":15792,"template":"","meta":[],"product_cat":[354],"product_tag":[],"class_list":{"0":"post-15793","1":"product","2":"type-product","3":"status-publish","4":"has-post-thumbnail","6":"product_cat-noel","8":"first","9":"instock","10":"shipping-taxable","11":"purchasable","12":"product-type-simple"},"_links":{"self":[{"href":"https:\/\/www.hapy-com.fr\/echoppe\/wp-json\/wp\/v2\/product\/15793","targetHints":{"allow":["GET"]}}],"collection":[{"href":"https:\/\/www.hapy-com.fr\/echoppe\/wp-json\/wp\/v2\/product"}],"about":[{"href":"https:\/\/www.hapy-com.fr\/echoppe\/wp-json\/wp\/v2\/types\/product"}],"wp:featuredmedia":[{"embeddable":true,"href":"https:\/\/www.hapy-com.fr\/echoppe\/wp-json\/wp\/v2\/media\/15792"}],"wp:attachment":[{"href":"https:\/\/www.hapy-com.fr\/echoppe\/wp-json\/wp\/v2\/media?parent=15793"}],"wp:term":[{"taxonomy":"product_cat","embeddable":true,"href":"https:\/\/www.hapy-com.fr\/echoppe\/wp-json\/wp\/v2\/product_cat?post=15793"},{"taxonomy":"product_tag","embeddable":true,"href":"https:\/\/www.hapy-com.fr\/echoppe\/wp-json\/wp\/v2\/product_tag?post=15793"}],"curies":[{"name":"wp","href":"https:\/\/api.w.org\/{rel}","templated":true}]}}