{"id":15795,"date":"2022-06-24T12:24:27","date_gmt":"2022-06-24T10:24:27","guid":{"rendered":"http:\/\/www.hapy-com.fr\/echoppe\/product\/pochoir-pressox\/"},"modified":"2022-06-24T12:24:27","modified_gmt":"2022-06-24T10:24:27","slug":"pochoir-pressox","status":"publish","type":"product","link":"https:\/\/www.hapy-com.fr\/echoppe\/product\/pochoir-pressox\/","title":{"rendered":"Pochoir Pressox"},"content":{"rendered":"<p>Set amusant de 3 gabarits en acier inoxydable \u00e0 peindre avec de la neige pulv\u00e9ris\u00e9e. Des motifs de neige, de fleurs de No\u00ebl et de bonhommes de neige.<\/p>\n","protected":false},"excerpt":{"rendered":"<p>Set amusant de 3 gabarits en acier inoxydable \u00e0 peindre avec de la neige pulv\u00e9ris\u00e9e. Des motifs de neige, de fleurs de No\u00ebl et de bonhommes de neige.<\/p>\n","protected":false},"featured_media":15794,"template":"","meta":[],"product_cat":[354],"product_tag":[],"class_list":{"0":"post-15795","1":"product","2":"type-product","3":"status-publish","4":"has-post-thumbnail","6":"product_cat-noel","8":"first","9":"instock","10":"shipping-taxable","11":"purchasable","12":"product-type-simple"},"_links":{"self":[{"href":"https:\/\/www.hapy-com.fr\/echoppe\/wp-json\/wp\/v2\/product\/15795","targetHints":{"allow":["GET"]}}],"collection":[{"href":"https:\/\/www.hapy-com.fr\/echoppe\/wp-json\/wp\/v2\/product"}],"about":[{"href":"https:\/\/www.hapy-com.fr\/echoppe\/wp-json\/wp\/v2\/types\/product"}],"wp:featuredmedia":[{"embeddable":true,"href":"https:\/\/www.hapy-com.fr\/echoppe\/wp-json\/wp\/v2\/media\/15794"}],"wp:attachment":[{"href":"https:\/\/www.hapy-com.fr\/echoppe\/wp-json\/wp\/v2\/media?parent=15795"}],"wp:term":[{"taxonomy":"product_cat","embeddable":true,"href":"https:\/\/www.hapy-com.fr\/echoppe\/wp-json\/wp\/v2\/product_cat?post=15795"},{"taxonomy":"product_tag","embeddable":true,"href":"https:\/\/www.hapy-com.fr\/echoppe\/wp-json\/wp\/v2\/product_tag?post=15795"}],"curies":[{"name":"wp","href":"https:\/\/api.w.org\/{rel}","templated":true}]}}