{"id":15799,"date":"2022-06-24T12:24:29","date_gmt":"2022-06-24T10:24:29","guid":{"rendered":"http:\/\/www.hapy-com.fr\/echoppe\/product\/calendrier-avent-betox\/"},"modified":"2022-06-24T12:24:29","modified_gmt":"2022-06-24T10:24:29","slug":"calendrier-avent-betox","status":"publish","type":"product","link":"https:\/\/www.hapy-com.fr\/echoppe\/product\/calendrier-avent-betox\/","title":{"rendered":"Calendrier Avent Betox"},"content":{"rendered":"<p>Calendrier de l\u00b4avent du design de No\u00ebl original en non-woven. Avec du ruban adh\u00e9sif \u00e0 accrocher.<\/p>\n","protected":false},"excerpt":{"rendered":"<p>Calendrier de l\u00b4avent du design de No\u00ebl original en non-woven. Avec du ruban adh\u00e9sif \u00e0 accrocher.<\/p>\n","protected":false},"featured_media":15798,"template":"","meta":[],"product_cat":[354],"product_tag":[],"class_list":{"0":"post-15799","1":"product","2":"type-product","3":"status-publish","4":"has-post-thumbnail","6":"product_cat-noel","8":"first","9":"instock","10":"shipping-taxable","11":"purchasable","12":"product-type-simple"},"_links":{"self":[{"href":"https:\/\/www.hapy-com.fr\/echoppe\/wp-json\/wp\/v2\/product\/15799","targetHints":{"allow":["GET"]}}],"collection":[{"href":"https:\/\/www.hapy-com.fr\/echoppe\/wp-json\/wp\/v2\/product"}],"about":[{"href":"https:\/\/www.hapy-com.fr\/echoppe\/wp-json\/wp\/v2\/types\/product"}],"wp:featuredmedia":[{"embeddable":true,"href":"https:\/\/www.hapy-com.fr\/echoppe\/wp-json\/wp\/v2\/media\/15798"}],"wp:attachment":[{"href":"https:\/\/www.hapy-com.fr\/echoppe\/wp-json\/wp\/v2\/media?parent=15799"}],"wp:term":[{"taxonomy":"product_cat","embeddable":true,"href":"https:\/\/www.hapy-com.fr\/echoppe\/wp-json\/wp\/v2\/product_cat?post=15799"},{"taxonomy":"product_tag","embeddable":true,"href":"https:\/\/www.hapy-com.fr\/echoppe\/wp-json\/wp\/v2\/product_tag?post=15799"}],"curies":[{"name":"wp","href":"https:\/\/api.w.org\/{rel}","templated":true}]}}