{"id":15801,"date":"2022-06-24T12:24:31","date_gmt":"2022-06-24T10:24:31","guid":{"rendered":"http:\/\/www.hapy-com.fr\/echoppe\/product\/porte-cles-stylo-zarki\/"},"modified":"2022-06-24T12:24:31","modified_gmt":"2022-06-24T10:24:31","slug":"porte-cles-stylo-zarki","status":"publish","type":"product","link":"https:\/\/www.hapy-com.fr\/echoppe\/product\/porte-cles-stylo-zarki\/","title":{"rendered":"Porte-Cl\u00e9s Stylo Zarki"},"content":{"rendered":"<p>Porte-cl\u00e9s stylo en originaux motifs de No\u00ebl avec corps en finition m\u00e9tallique brillante et capuchon transparent. Avec de l\u00b4encre bleue.<\/p>\n","protected":false},"excerpt":{"rendered":"<p>Porte-cl\u00e9s stylo en originaux motifs de No\u00ebl avec corps en finition m\u00e9tallique brillante et capuchon transparent. Avec de l\u00b4encre bleue.<\/p>\n","protected":false},"featured_media":15800,"template":"","meta":[],"product_cat":[354],"product_tag":[],"class_list":{"0":"post-15801","1":"product","2":"type-product","3":"status-publish","4":"has-post-thumbnail","6":"product_cat-noel","8":"first","9":"instock","10":"shipping-taxable","11":"purchasable","12":"product-type-simple"},"_links":{"self":[{"href":"https:\/\/www.hapy-com.fr\/echoppe\/wp-json\/wp\/v2\/product\/15801","targetHints":{"allow":["GET"]}}],"collection":[{"href":"https:\/\/www.hapy-com.fr\/echoppe\/wp-json\/wp\/v2\/product"}],"about":[{"href":"https:\/\/www.hapy-com.fr\/echoppe\/wp-json\/wp\/v2\/types\/product"}],"wp:featuredmedia":[{"embeddable":true,"href":"https:\/\/www.hapy-com.fr\/echoppe\/wp-json\/wp\/v2\/media\/15800"}],"wp:attachment":[{"href":"https:\/\/www.hapy-com.fr\/echoppe\/wp-json\/wp\/v2\/media?parent=15801"}],"wp:term":[{"taxonomy":"product_cat","embeddable":true,"href":"https:\/\/www.hapy-com.fr\/echoppe\/wp-json\/wp\/v2\/product_cat?post=15801"},{"taxonomy":"product_tag","embeddable":true,"href":"https:\/\/www.hapy-com.fr\/echoppe\/wp-json\/wp\/v2\/product_tag?post=15801"}],"curies":[{"name":"wp","href":"https:\/\/api.w.org\/{rel}","templated":true}]}}