{"id":15808,"date":"2022-06-24T12:24:36","date_gmt":"2022-06-24T10:24:36","guid":{"rendered":"http:\/\/www.hapy-com.fr\/echoppe\/product\/porte-cles-tridux\/"},"modified":"2022-06-24T12:24:36","modified_gmt":"2022-06-24T10:24:36","slug":"porte-cles-tridux","status":"publish","type":"product","link":"https:\/\/www.hapy-com.fr\/echoppe\/product\/porte-cles-tridux\/","title":{"rendered":"Porte-Cl\u00e9s Tridux"},"content":{"rendered":"<p>Porte-cl\u00e9s en lisse PVC d\u00e9coup\u00e9 avec des dessins originaux de No\u00ebl et du bonhomme de neige.<\/p>\n","protected":false},"excerpt":{"rendered":"<p>Porte-cl\u00e9s en lisse PVC d\u00e9coup\u00e9 avec des dessins originaux de No\u00ebl et du bonhomme de neige.<\/p>\n","protected":false},"featured_media":15806,"template":"","meta":[],"product_cat":[354],"product_tag":[],"class_list":{"0":"post-15808","1":"product","2":"type-product","3":"status-publish","4":"has-post-thumbnail","6":"product_cat-noel","8":"first","9":"instock","10":"shipping-taxable","11":"purchasable","12":"product-type-simple"},"_links":{"self":[{"href":"https:\/\/www.hapy-com.fr\/echoppe\/wp-json\/wp\/v2\/product\/15808","targetHints":{"allow":["GET"]}}],"collection":[{"href":"https:\/\/www.hapy-com.fr\/echoppe\/wp-json\/wp\/v2\/product"}],"about":[{"href":"https:\/\/www.hapy-com.fr\/echoppe\/wp-json\/wp\/v2\/types\/product"}],"wp:featuredmedia":[{"embeddable":true,"href":"https:\/\/www.hapy-com.fr\/echoppe\/wp-json\/wp\/v2\/media\/15806"}],"wp:attachment":[{"href":"https:\/\/www.hapy-com.fr\/echoppe\/wp-json\/wp\/v2\/media?parent=15808"}],"wp:term":[{"taxonomy":"product_cat","embeddable":true,"href":"https:\/\/www.hapy-com.fr\/echoppe\/wp-json\/wp\/v2\/product_cat?post=15808"},{"taxonomy":"product_tag","embeddable":true,"href":"https:\/\/www.hapy-com.fr\/echoppe\/wp-json\/wp\/v2\/product_tag?post=15808"}],"curies":[{"name":"wp","href":"https:\/\/api.w.org\/{rel}","templated":true}]}}