{"id":15812,"date":"2022-06-24T12:24:39","date_gmt":"2022-06-24T10:24:39","guid":{"rendered":"http:\/\/www.hapy-com.fr\/echoppe\/product\/set-ornement-noel-tainox\/"},"modified":"2022-06-24T12:24:39","modified_gmt":"2022-06-24T10:24:39","slug":"set-ornement-noel-tainox","status":"publish","type":"product","link":"https:\/\/www.hapy-com.fr\/echoppe\/product\/set-ornement-noel-tainox\/","title":{"rendered":"Set Ornement No\u00ebl Tainox"},"content":{"rendered":"<p>Ensemble de 2 pi\u00e8ces de d\u00e9corations de No\u00ebl en polyester souple. Comprend le No\u00ebl et le renne avec n\u0153ud papillon \u00e0 suspendre. Pr\u00e9sent\u00e9 dans un sac individuel avec une bande blanche pour le marquage.<\/p>\n","protected":false},"excerpt":{"rendered":"<p>Ensemble de 2 pi\u00e8ces de d\u00e9corations de No\u00ebl en polyester souple. Comprend le No\u00ebl et le renne avec n\u0153ud papillon \u00e0 suspendre. Pr\u00e9sent\u00e9 dans un sac individuel avec une bande&#8230;<\/p>\n","protected":false},"featured_media":15811,"template":"","meta":[],"product_cat":[354],"product_tag":[],"class_list":{"0":"post-15812","1":"product","2":"type-product","3":"status-publish","4":"has-post-thumbnail","6":"product_cat-noel","8":"first","9":"instock","10":"shipping-taxable","11":"purchasable","12":"product-type-simple"},"_links":{"self":[{"href":"https:\/\/www.hapy-com.fr\/echoppe\/wp-json\/wp\/v2\/product\/15812","targetHints":{"allow":["GET"]}}],"collection":[{"href":"https:\/\/www.hapy-com.fr\/echoppe\/wp-json\/wp\/v2\/product"}],"about":[{"href":"https:\/\/www.hapy-com.fr\/echoppe\/wp-json\/wp\/v2\/types\/product"}],"wp:featuredmedia":[{"embeddable":true,"href":"https:\/\/www.hapy-com.fr\/echoppe\/wp-json\/wp\/v2\/media\/15811"}],"wp:attachment":[{"href":"https:\/\/www.hapy-com.fr\/echoppe\/wp-json\/wp\/v2\/media?parent=15812"}],"wp:term":[{"taxonomy":"product_cat","embeddable":true,"href":"https:\/\/www.hapy-com.fr\/echoppe\/wp-json\/wp\/v2\/product_cat?post=15812"},{"taxonomy":"product_tag","embeddable":true,"href":"https:\/\/www.hapy-com.fr\/echoppe\/wp-json\/wp\/v2\/product_tag?post=15812"}],"curies":[{"name":"wp","href":"https:\/\/api.w.org\/{rel}","templated":true}]}}