{"id":15815,"date":"2022-06-24T12:24:42","date_gmt":"2022-06-24T10:24:42","guid":{"rendered":"http:\/\/www.hapy-com.fr\/echoppe\/product\/set-ornement-noel-yenkit\/"},"modified":"2022-06-24T12:24:42","modified_gmt":"2022-06-24T10:24:42","slug":"set-ornement-noel-yenkit","status":"publish","type":"product","link":"https:\/\/www.hapy-com.fr\/echoppe\/product\/set-ornement-noel-yenkit\/","title":{"rendered":"Set Ornement No\u00ebl Yenkit"},"content":{"rendered":"<p>Ensemble de 6 boules de No\u00ebl \u00e0 suspendre dans une vari\u00e9t\u00e9 de couleurs m\u00e9talliques brillantes. Pr\u00e9sentation en sac individuel avec bande de marquage en blanc et couleurs assorties.<\/p>\n","protected":false},"excerpt":{"rendered":"<p>Ensemble de 6 boules de No\u00ebl \u00e0 suspendre dans une vari\u00e9t\u00e9 de couleurs m\u00e9talliques brillantes. Pr\u00e9sentation en sac individuel avec bande de marquage en blanc et couleurs assorties.<\/p>\n","protected":false},"featured_media":15813,"template":"","meta":[],"product_cat":[354],"product_tag":[],"class_list":{"0":"post-15815","1":"product","2":"type-product","3":"status-publish","4":"has-post-thumbnail","6":"product_cat-noel","8":"first","9":"instock","10":"shipping-taxable","11":"purchasable","12":"product-type-simple"},"_links":{"self":[{"href":"https:\/\/www.hapy-com.fr\/echoppe\/wp-json\/wp\/v2\/product\/15815","targetHints":{"allow":["GET"]}}],"collection":[{"href":"https:\/\/www.hapy-com.fr\/echoppe\/wp-json\/wp\/v2\/product"}],"about":[{"href":"https:\/\/www.hapy-com.fr\/echoppe\/wp-json\/wp\/v2\/types\/product"}],"wp:featuredmedia":[{"embeddable":true,"href":"https:\/\/www.hapy-com.fr\/echoppe\/wp-json\/wp\/v2\/media\/15813"}],"wp:attachment":[{"href":"https:\/\/www.hapy-com.fr\/echoppe\/wp-json\/wp\/v2\/media?parent=15815"}],"wp:term":[{"taxonomy":"product_cat","embeddable":true,"href":"https:\/\/www.hapy-com.fr\/echoppe\/wp-json\/wp\/v2\/product_cat?post=15815"},{"taxonomy":"product_tag","embeddable":true,"href":"https:\/\/www.hapy-com.fr\/echoppe\/wp-json\/wp\/v2\/product_tag?post=15815"}],"curies":[{"name":"wp","href":"https:\/\/api.w.org\/{rel}","templated":true}]}}