{"id":15819,"date":"2022-06-24T12:24:45","date_gmt":"2022-06-24T10:24:45","guid":{"rendered":"http:\/\/www.hapy-com.fr\/echoppe\/product\/sac-wistick\/"},"modified":"2022-06-24T12:24:45","modified_gmt":"2022-06-24T10:24:45","slug":"sac-wistick","status":"publish","type":"product","link":"https:\/\/www.hapy-com.fr\/echoppe\/product\/sac-wistick\/","title":{"rendered":"Sac Wistick"},"content":{"rendered":"<p>Sac non tiss\u00e9 blanc sp\u00e9cialement con\u00e7u pour colorer avec de la cire. Comprend 5 cires cylindriques de diff\u00e9rentes couleurs. Avec longues poign\u00e9es d`\u00e9paule de 33cm et finition thermoscell\u00e9e.<\/p>\n","protected":false},"excerpt":{"rendered":"<p>Sac non tiss\u00e9 blanc sp\u00e9cialement con\u00e7u pour colorer avec de la cire. Comprend 5 cires cylindriques de diff\u00e9rentes couleurs. Avec longues poign\u00e9es d`\u00e9paule de 33cm et finition thermoscell\u00e9e.<\/p>\n","protected":false},"featured_media":15818,"template":"","meta":[],"product_cat":[354],"product_tag":[],"class_list":{"0":"post-15819","1":"product","2":"type-product","3":"status-publish","4":"has-post-thumbnail","6":"product_cat-noel","8":"first","9":"instock","10":"shipping-taxable","11":"purchasable","12":"product-type-simple"},"_links":{"self":[{"href":"https:\/\/www.hapy-com.fr\/echoppe\/wp-json\/wp\/v2\/product\/15819","targetHints":{"allow":["GET"]}}],"collection":[{"href":"https:\/\/www.hapy-com.fr\/echoppe\/wp-json\/wp\/v2\/product"}],"about":[{"href":"https:\/\/www.hapy-com.fr\/echoppe\/wp-json\/wp\/v2\/types\/product"}],"wp:featuredmedia":[{"embeddable":true,"href":"https:\/\/www.hapy-com.fr\/echoppe\/wp-json\/wp\/v2\/media\/15818"}],"wp:attachment":[{"href":"https:\/\/www.hapy-com.fr\/echoppe\/wp-json\/wp\/v2\/media?parent=15819"}],"wp:term":[{"taxonomy":"product_cat","embeddable":true,"href":"https:\/\/www.hapy-com.fr\/echoppe\/wp-json\/wp\/v2\/product_cat?post=15819"},{"taxonomy":"product_tag","embeddable":true,"href":"https:\/\/www.hapy-com.fr\/echoppe\/wp-json\/wp\/v2\/product_tag?post=15819"}],"curies":[{"name":"wp","href":"https:\/\/api.w.org\/{rel}","templated":true}]}}