{"id":15821,"date":"2022-06-24T12:24:47","date_gmt":"2022-06-24T10:24:47","guid":{"rendered":"http:\/\/www.hapy-com.fr\/echoppe\/product\/chaussette-plicom\/"},"modified":"2022-06-24T12:24:47","modified_gmt":"2022-06-24T10:24:47","slug":"chaussette-plicom","status":"publish","type":"product","link":"https:\/\/www.hapy-com.fr\/echoppe\/product\/chaussette-plicom\/","title":{"rendered":"Chaussette Plicom"},"content":{"rendered":"<p>Chaussette de non-tiss\u00e9 en couleur blanc sp\u00e9cialement con\u00e7u pour colorer avec des cires. Comprend 5 cires cylindriques de diff\u00e9rentes couleurs. Avec ruban adh\u00e9sif et finition thermoscell\u00e9e.<\/p>\n","protected":false},"excerpt":{"rendered":"<p>Chaussette de non-tiss\u00e9 en couleur blanc sp\u00e9cialement con\u00e7u pour colorer avec des cires. Comprend 5 cires cylindriques de diff\u00e9rentes couleurs. Avec ruban adh\u00e9sif et finition thermoscell\u00e9e.<\/p>\n","protected":false},"featured_media":15820,"template":"","meta":[],"product_cat":[354],"product_tag":[],"class_list":{"0":"post-15821","1":"product","2":"type-product","3":"status-publish","4":"has-post-thumbnail","6":"product_cat-noel","8":"first","9":"instock","10":"shipping-taxable","11":"purchasable","12":"product-type-simple"},"_links":{"self":[{"href":"https:\/\/www.hapy-com.fr\/echoppe\/wp-json\/wp\/v2\/product\/15821","targetHints":{"allow":["GET"]}}],"collection":[{"href":"https:\/\/www.hapy-com.fr\/echoppe\/wp-json\/wp\/v2\/product"}],"about":[{"href":"https:\/\/www.hapy-com.fr\/echoppe\/wp-json\/wp\/v2\/types\/product"}],"wp:featuredmedia":[{"embeddable":true,"href":"https:\/\/www.hapy-com.fr\/echoppe\/wp-json\/wp\/v2\/media\/15820"}],"wp:attachment":[{"href":"https:\/\/www.hapy-com.fr\/echoppe\/wp-json\/wp\/v2\/media?parent=15821"}],"wp:term":[{"taxonomy":"product_cat","embeddable":true,"href":"https:\/\/www.hapy-com.fr\/echoppe\/wp-json\/wp\/v2\/product_cat?post=15821"},{"taxonomy":"product_tag","embeddable":true,"href":"https:\/\/www.hapy-com.fr\/echoppe\/wp-json\/wp\/v2\/product_tag?post=15821"}],"curies":[{"name":"wp","href":"https:\/\/api.w.org\/{rel}","templated":true}]}}