{"id":15823,"date":"2022-06-24T12:24:48","date_gmt":"2022-06-24T10:24:48","guid":{"rendered":"http:\/\/www.hapy-com.fr\/echoppe\/product\/minuteur-krocan\/"},"modified":"2022-06-24T12:24:48","modified_gmt":"2022-06-24T10:24:48","slug":"minuteur-krocan","status":"publish","type":"product","link":"https:\/\/www.hapy-com.fr\/echoppe\/product\/minuteur-krocan\/","title":{"rendered":"Minuteur Krocan"},"content":{"rendered":"<p>Amusant minuterie analogique de conception originale du No\u00ebl. Jusqu\u00b4\u00e0 60 minutes de long et pr\u00e9sent\u00e9 dans une bo\u00eete design attrayante.<\/p>\n","protected":false},"excerpt":{"rendered":"<p>Amusant minuterie analogique de conception originale du No\u00ebl. Jusqu\u00b4\u00e0 60 minutes de long et pr\u00e9sent\u00e9 dans une bo\u00eete design attrayante.<\/p>\n","protected":false},"featured_media":15822,"template":"","meta":[],"product_cat":[354],"product_tag":[],"class_list":{"0":"post-15823","1":"product","2":"type-product","3":"status-publish","4":"has-post-thumbnail","6":"product_cat-noel","8":"first","9":"instock","10":"shipping-taxable","11":"purchasable","12":"product-type-simple"},"_links":{"self":[{"href":"https:\/\/www.hapy-com.fr\/echoppe\/wp-json\/wp\/v2\/product\/15823","targetHints":{"allow":["GET"]}}],"collection":[{"href":"https:\/\/www.hapy-com.fr\/echoppe\/wp-json\/wp\/v2\/product"}],"about":[{"href":"https:\/\/www.hapy-com.fr\/echoppe\/wp-json\/wp\/v2\/types\/product"}],"wp:featuredmedia":[{"embeddable":true,"href":"https:\/\/www.hapy-com.fr\/echoppe\/wp-json\/wp\/v2\/media\/15822"}],"wp:attachment":[{"href":"https:\/\/www.hapy-com.fr\/echoppe\/wp-json\/wp\/v2\/media?parent=15823"}],"wp:term":[{"taxonomy":"product_cat","embeddable":true,"href":"https:\/\/www.hapy-com.fr\/echoppe\/wp-json\/wp\/v2\/product_cat?post=15823"},{"taxonomy":"product_tag","embeddable":true,"href":"https:\/\/www.hapy-com.fr\/echoppe\/wp-json\/wp\/v2\/product_tag?post=15823"}],"curies":[{"name":"wp","href":"https:\/\/api.w.org\/{rel}","templated":true}]}}