{"id":15825,"date":"2022-06-24T12:24:50","date_gmt":"2022-06-24T10:24:50","guid":{"rendered":"http:\/\/www.hapy-com.fr\/echoppe\/product\/set-bougies-snifik\/"},"modified":"2022-06-24T12:24:50","modified_gmt":"2022-06-24T10:24:50","slug":"set-bougies-snifik","status":"publish","type":"product","link":"https:\/\/www.hapy-com.fr\/echoppe\/product\/set-bougies-snifik\/","title":{"rendered":"Set Bougies Snifik"},"content":{"rendered":"<p>Ensemble de bougies de 8 pi\u00e8ces pr\u00e9sent\u00e9es dans un etui individuel en No\u00ebl rouge avec fen\u00eatre et archet d\u00b4ornement. Comprend 6 bougies et 2 supports en verre.<\/p>\n","protected":false},"excerpt":{"rendered":"<p>Ensemble de bougies de 8 pi\u00e8ces pr\u00e9sent\u00e9es dans un etui individuel en No\u00ebl rouge avec fen\u00eatre et archet d\u00b4ornement. Comprend 6 bougies et 2 supports en verre.<\/p>\n","protected":false},"featured_media":15824,"template":"","meta":[],"product_cat":[354],"product_tag":[],"class_list":{"0":"post-15825","1":"product","2":"type-product","3":"status-publish","4":"has-post-thumbnail","6":"product_cat-noel","8":"first","9":"instock","10":"shipping-taxable","11":"purchasable","12":"product-type-simple"},"_links":{"self":[{"href":"https:\/\/www.hapy-com.fr\/echoppe\/wp-json\/wp\/v2\/product\/15825","targetHints":{"allow":["GET"]}}],"collection":[{"href":"https:\/\/www.hapy-com.fr\/echoppe\/wp-json\/wp\/v2\/product"}],"about":[{"href":"https:\/\/www.hapy-com.fr\/echoppe\/wp-json\/wp\/v2\/types\/product"}],"wp:featuredmedia":[{"embeddable":true,"href":"https:\/\/www.hapy-com.fr\/echoppe\/wp-json\/wp\/v2\/media\/15824"}],"wp:attachment":[{"href":"https:\/\/www.hapy-com.fr\/echoppe\/wp-json\/wp\/v2\/media?parent=15825"}],"wp:term":[{"taxonomy":"product_cat","embeddable":true,"href":"https:\/\/www.hapy-com.fr\/echoppe\/wp-json\/wp\/v2\/product_cat?post=15825"},{"taxonomy":"product_tag","embeddable":true,"href":"https:\/\/www.hapy-com.fr\/echoppe\/wp-json\/wp\/v2\/product_tag?post=15825"}],"curies":[{"name":"wp","href":"https:\/\/api.w.org\/{rel}","templated":true}]}}