{"id":15827,"date":"2022-06-24T12:24:52","date_gmt":"2022-06-24T10:24:52","guid":{"rendered":"http:\/\/www.hapy-com.fr\/echoppe\/product\/tasse-nuglex\/"},"modified":"2022-06-24T12:24:52","modified_gmt":"2022-06-24T10:24:52","slug":"tasse-nuglex","status":"publish","type":"product","link":"https:\/\/www.hapy-com.fr\/echoppe\/product\/tasse-nuglex\/","title":{"rendered":"Tasse Nuglex"},"content":{"rendered":"<p>Tasse en c\u00e9ramique d\u00b4une capacit\u00e9 de 350 ml dans une combinaison amusante d\u00b4ext\u00e9rieur et d\u00b4int\u00e9rieur en blanc avec des motifs d\u00b4hiver. Pr\u00e9sent\u00e9 dans une bo\u00eete individuelle.<\/p>\n","protected":false},"excerpt":{"rendered":"<p>Tasse en c\u00e9ramique d\u00b4une capacit\u00e9 de 350 ml dans une combinaison amusante d\u00b4ext\u00e9rieur et d\u00b4int\u00e9rieur en blanc avec des motifs d\u00b4hiver. Pr\u00e9sent\u00e9 dans une bo\u00eete individuelle.<\/p>\n","protected":false},"featured_media":15826,"template":"","meta":[],"product_cat":[354],"product_tag":[],"class_list":{"0":"post-15827","1":"product","2":"type-product","3":"status-publish","4":"has-post-thumbnail","6":"product_cat-noel","8":"first","9":"instock","10":"shipping-taxable","11":"purchasable","12":"product-type-simple"},"_links":{"self":[{"href":"https:\/\/www.hapy-com.fr\/echoppe\/wp-json\/wp\/v2\/product\/15827","targetHints":{"allow":["GET"]}}],"collection":[{"href":"https:\/\/www.hapy-com.fr\/echoppe\/wp-json\/wp\/v2\/product"}],"about":[{"href":"https:\/\/www.hapy-com.fr\/echoppe\/wp-json\/wp\/v2\/types\/product"}],"wp:featuredmedia":[{"embeddable":true,"href":"https:\/\/www.hapy-com.fr\/echoppe\/wp-json\/wp\/v2\/media\/15826"}],"wp:attachment":[{"href":"https:\/\/www.hapy-com.fr\/echoppe\/wp-json\/wp\/v2\/media?parent=15827"}],"wp:term":[{"taxonomy":"product_cat","embeddable":true,"href":"https:\/\/www.hapy-com.fr\/echoppe\/wp-json\/wp\/v2\/product_cat?post=15827"},{"taxonomy":"product_tag","embeddable":true,"href":"https:\/\/www.hapy-com.fr\/echoppe\/wp-json\/wp\/v2\/product_tag?post=15827"}],"curies":[{"name":"wp","href":"https:\/\/api.w.org\/{rel}","templated":true}]}}