{"id":15829,"date":"2022-06-24T12:24:54","date_gmt":"2022-06-24T10:24:54","guid":{"rendered":"http:\/\/www.hapy-com.fr\/echoppe\/product\/tasse-sorbux\/"},"modified":"2022-06-24T12:24:54","modified_gmt":"2022-06-24T10:24:54","slug":"tasse-sorbux","status":"publish","type":"product","link":"https:\/\/www.hapy-com.fr\/echoppe\/product\/tasse-sorbux\/","title":{"rendered":"Tasse Sorbux"},"content":{"rendered":"<p>Tasse en c\u00e9ramique de capacit\u00e9 de 370 ml dans une combinaison amusante d\u00b4ext\u00e9rieur et d\u00b4int\u00e9rieur en blanc avec des motifs d\u00b4hiver. Avec cuill\u00e8re en c\u00e9ramique assortie int\u00e9gr\u00e9e dans la poign\u00e9e et pr\u00e9sent\u00e9e dans une seule bo\u00eete.<\/p>\n","protected":false},"excerpt":{"rendered":"<p>Tasse en c\u00e9ramique de capacit\u00e9 de 370 ml dans une combinaison amusante d\u00b4ext\u00e9rieur et d\u00b4int\u00e9rieur en blanc avec des motifs d\u00b4hiver. Avec cuill\u00e8re en c\u00e9ramique assortie int\u00e9gr\u00e9e dans la poign\u00e9e&#8230;<\/p>\n","protected":false},"featured_media":15828,"template":"","meta":[],"product_cat":[354],"product_tag":[],"class_list":{"0":"post-15829","1":"product","2":"type-product","3":"status-publish","4":"has-post-thumbnail","6":"product_cat-noel","8":"first","9":"instock","10":"shipping-taxable","11":"purchasable","12":"product-type-simple"},"_links":{"self":[{"href":"https:\/\/www.hapy-com.fr\/echoppe\/wp-json\/wp\/v2\/product\/15829","targetHints":{"allow":["GET"]}}],"collection":[{"href":"https:\/\/www.hapy-com.fr\/echoppe\/wp-json\/wp\/v2\/product"}],"about":[{"href":"https:\/\/www.hapy-com.fr\/echoppe\/wp-json\/wp\/v2\/types\/product"}],"wp:featuredmedia":[{"embeddable":true,"href":"https:\/\/www.hapy-com.fr\/echoppe\/wp-json\/wp\/v2\/media\/15828"}],"wp:attachment":[{"href":"https:\/\/www.hapy-com.fr\/echoppe\/wp-json\/wp\/v2\/media?parent=15829"}],"wp:term":[{"taxonomy":"product_cat","embeddable":true,"href":"https:\/\/www.hapy-com.fr\/echoppe\/wp-json\/wp\/v2\/product_cat?post=15829"},{"taxonomy":"product_tag","embeddable":true,"href":"https:\/\/www.hapy-com.fr\/echoppe\/wp-json\/wp\/v2\/product_tag?post=15829"}],"curies":[{"name":"wp","href":"https:\/\/api.w.org\/{rel}","templated":true}]}}