{"id":15834,"date":"2022-06-24T12:24:58","date_gmt":"2022-06-24T10:24:58","guid":{"rendered":"http:\/\/www.hapy-com.fr\/echoppe\/product\/stylo-tidil\/"},"modified":"2022-06-24T12:24:58","modified_gmt":"2022-06-24T10:24:58","slug":"stylo-tidil","status":"publish","type":"product","link":"https:\/\/www.hapy-com.fr\/echoppe\/product\/stylo-tidil\/","title":{"rendered":"Stylo Tidil"},"content":{"rendered":"<p>Stylo \u00e0 bille au design original de No\u00ebl avec corps en finition m\u00e9tallique brillante. Disponible dans les dessins Santa Claus, rennes et ours en peluche. Avec de l\u00b4encre bleue.<\/p>\n","protected":false},"excerpt":{"rendered":"<p>Stylo \u00e0 bille au design original de No\u00ebl avec corps en finition m\u00e9tallique brillante. Disponible dans les dessins Santa Claus, rennes et ours en peluche. Avec de l\u00b4encre bleue.<\/p>\n","protected":false},"featured_media":15832,"template":"","meta":[],"product_cat":[354],"product_tag":[],"class_list":{"0":"post-15834","1":"product","2":"type-product","3":"status-publish","4":"has-post-thumbnail","6":"product_cat-noel","8":"first","9":"instock","10":"shipping-taxable","11":"purchasable","12":"product-type-simple"},"_links":{"self":[{"href":"https:\/\/www.hapy-com.fr\/echoppe\/wp-json\/wp\/v2\/product\/15834","targetHints":{"allow":["GET"]}}],"collection":[{"href":"https:\/\/www.hapy-com.fr\/echoppe\/wp-json\/wp\/v2\/product"}],"about":[{"href":"https:\/\/www.hapy-com.fr\/echoppe\/wp-json\/wp\/v2\/types\/product"}],"wp:featuredmedia":[{"embeddable":true,"href":"https:\/\/www.hapy-com.fr\/echoppe\/wp-json\/wp\/v2\/media\/15832"}],"wp:attachment":[{"href":"https:\/\/www.hapy-com.fr\/echoppe\/wp-json\/wp\/v2\/media?parent=15834"}],"wp:term":[{"taxonomy":"product_cat","embeddable":true,"href":"https:\/\/www.hapy-com.fr\/echoppe\/wp-json\/wp\/v2\/product_cat?post=15834"},{"taxonomy":"product_tag","embeddable":true,"href":"https:\/\/www.hapy-com.fr\/echoppe\/wp-json\/wp\/v2\/product_tag?post=15834"}],"curies":[{"name":"wp","href":"https:\/\/api.w.org\/{rel}","templated":true}]}}