{"id":15843,"date":"2022-06-24T12:25:05","date_gmt":"2022-06-24T10:25:05","guid":{"rendered":"http:\/\/www.hapy-com.fr\/echoppe\/product\/ornement-noel-goslak\/"},"modified":"2022-06-24T12:25:05","modified_gmt":"2022-06-24T10:25:05","slug":"ornement-noel-goslak","status":"publish","type":"product","link":"https:\/\/www.hapy-com.fr\/echoppe\/product\/ornement-noel-goslak\/","title":{"rendered":"Ornement No\u00ebl Goslak"},"content":{"rendered":"<p>Ornement de carte postale de No\u00ebl en carton souple naturel avec int\u00e9rieur d\u00e9coup\u00e9 et rouge. Avec du ruban adh\u00e9sif et en arri\u00e8re pour \u00e9crire des notes. Disponible dans divers designs de No\u00ebl.<\/p>\n","protected":false},"excerpt":{"rendered":"<p>Ornement de carte postale de No\u00ebl en carton souple naturel avec int\u00e9rieur d\u00e9coup\u00e9 et rouge. Avec du ruban adh\u00e9sif et en arri\u00e8re pour \u00e9crire des notes. Disponible dans divers designs&#8230;<\/p>\n","protected":false},"featured_media":15842,"template":"","meta":[],"product_cat":[354],"product_tag":[],"class_list":{"0":"post-15843","1":"product","2":"type-product","3":"status-publish","4":"has-post-thumbnail","6":"product_cat-noel","8":"first","9":"instock","10":"shipping-taxable","11":"purchasable","12":"product-type-simple"},"_links":{"self":[{"href":"https:\/\/www.hapy-com.fr\/echoppe\/wp-json\/wp\/v2\/product\/15843","targetHints":{"allow":["GET"]}}],"collection":[{"href":"https:\/\/www.hapy-com.fr\/echoppe\/wp-json\/wp\/v2\/product"}],"about":[{"href":"https:\/\/www.hapy-com.fr\/echoppe\/wp-json\/wp\/v2\/types\/product"}],"wp:featuredmedia":[{"embeddable":true,"href":"https:\/\/www.hapy-com.fr\/echoppe\/wp-json\/wp\/v2\/media\/15842"}],"wp:attachment":[{"href":"https:\/\/www.hapy-com.fr\/echoppe\/wp-json\/wp\/v2\/media?parent=15843"}],"wp:term":[{"taxonomy":"product_cat","embeddable":true,"href":"https:\/\/www.hapy-com.fr\/echoppe\/wp-json\/wp\/v2\/product_cat?post=15843"},{"taxonomy":"product_tag","embeddable":true,"href":"https:\/\/www.hapy-com.fr\/echoppe\/wp-json\/wp\/v2\/product_tag?post=15843"}],"curies":[{"name":"wp","href":"https:\/\/api.w.org\/{rel}","templated":true}]}}