{"id":15846,"date":"2022-06-24T12:25:08","date_gmt":"2022-06-24T10:25:08","guid":{"rendered":"http:\/\/www.hapy-com.fr\/echoppe\/product\/bougie-zamir\/"},"modified":"2022-06-24T12:25:08","modified_gmt":"2022-06-24T10:25:08","slug":"bougie-zamir","status":"publish","type":"product","link":"https:\/\/www.hapy-com.fr\/echoppe\/product\/bougie-zamir\/","title":{"rendered":"Bougie Zamir"},"content":{"rendered":"<p>Bougie de No\u00ebl avec un bol en verre dans le design des \u00e9toiles. Pr\u00e9sent\u00e9 dans une bo\u00eete en PVC individuelle.<\/p>\n","protected":false},"excerpt":{"rendered":"<p>Bougie de No\u00ebl avec un bol en verre dans le design des \u00e9toiles. Pr\u00e9sent\u00e9 dans une bo\u00eete en PVC individuelle.<\/p>\n","protected":false},"featured_media":15844,"template":"","meta":[],"product_cat":[354],"product_tag":[],"class_list":{"0":"post-15846","1":"product","2":"type-product","3":"status-publish","4":"has-post-thumbnail","6":"product_cat-noel","8":"first","9":"instock","10":"shipping-taxable","11":"purchasable","12":"product-type-simple"},"_links":{"self":[{"href":"https:\/\/www.hapy-com.fr\/echoppe\/wp-json\/wp\/v2\/product\/15846","targetHints":{"allow":["GET"]}}],"collection":[{"href":"https:\/\/www.hapy-com.fr\/echoppe\/wp-json\/wp\/v2\/product"}],"about":[{"href":"https:\/\/www.hapy-com.fr\/echoppe\/wp-json\/wp\/v2\/types\/product"}],"wp:featuredmedia":[{"embeddable":true,"href":"https:\/\/www.hapy-com.fr\/echoppe\/wp-json\/wp\/v2\/media\/15844"}],"wp:attachment":[{"href":"https:\/\/www.hapy-com.fr\/echoppe\/wp-json\/wp\/v2\/media?parent=15846"}],"wp:term":[{"taxonomy":"product_cat","embeddable":true,"href":"https:\/\/www.hapy-com.fr\/echoppe\/wp-json\/wp\/v2\/product_cat?post=15846"},{"taxonomy":"product_tag","embeddable":true,"href":"https:\/\/www.hapy-com.fr\/echoppe\/wp-json\/wp\/v2\/product_tag?post=15846"}],"curies":[{"name":"wp","href":"https:\/\/api.w.org\/{rel}","templated":true}]}}