{"id":15848,"date":"2022-06-24T12:25:09","date_gmt":"2022-06-24T10:25:09","guid":{"rendered":"http:\/\/www.hapy-com.fr\/echoppe\/product\/bonnet-papa-noel-enfant-rupler\/"},"modified":"2022-06-24T12:25:09","modified_gmt":"2022-06-24T10:25:09","slug":"bonnet-papa-noel-enfant-rupler","status":"publish","type":"product","link":"https:\/\/www.hapy-com.fr\/echoppe\/product\/bonnet-papa-noel-enfant-rupler\/","title":{"rendered":"Bonnet Papa No\u00ebl Enfant Rupler"},"content":{"rendered":"<p>Chapeau de No\u00ebl pour enfant. Bande frontale en non-tiss\u00e9 blanc avec des dessins amusants et sp\u00e9cialement con\u00e7ue pour colorer avec de la cire. Comprend 4 cires de corps cylindriques de diff\u00e9rentes couleurs.<\/p>\n","protected":false},"excerpt":{"rendered":"<p>Chapeau de No\u00ebl pour enfant. Bande frontale en non-tiss\u00e9 blanc avec des dessins amusants et sp\u00e9cialement con\u00e7ue pour colorer avec de la cire. Comprend 4 cires de corps cylindriques de&#8230;<\/p>\n","protected":false},"featured_media":15847,"template":"","meta":[],"product_cat":[354],"product_tag":[],"class_list":{"0":"post-15848","1":"product","2":"type-product","3":"status-publish","4":"has-post-thumbnail","6":"product_cat-noel","8":"first","9":"instock","10":"shipping-taxable","11":"purchasable","12":"product-type-simple"},"_links":{"self":[{"href":"https:\/\/www.hapy-com.fr\/echoppe\/wp-json\/wp\/v2\/product\/15848","targetHints":{"allow":["GET"]}}],"collection":[{"href":"https:\/\/www.hapy-com.fr\/echoppe\/wp-json\/wp\/v2\/product"}],"about":[{"href":"https:\/\/www.hapy-com.fr\/echoppe\/wp-json\/wp\/v2\/types\/product"}],"wp:featuredmedia":[{"embeddable":true,"href":"https:\/\/www.hapy-com.fr\/echoppe\/wp-json\/wp\/v2\/media\/15847"}],"wp:attachment":[{"href":"https:\/\/www.hapy-com.fr\/echoppe\/wp-json\/wp\/v2\/media?parent=15848"}],"wp:term":[{"taxonomy":"product_cat","embeddable":true,"href":"https:\/\/www.hapy-com.fr\/echoppe\/wp-json\/wp\/v2\/product_cat?post=15848"},{"taxonomy":"product_tag","embeddable":true,"href":"https:\/\/www.hapy-com.fr\/echoppe\/wp-json\/wp\/v2\/product_tag?post=15848"}],"curies":[{"name":"wp","href":"https:\/\/api.w.org\/{rel}","templated":true}]}}