{"id":15850,"date":"2022-06-24T12:25:11","date_gmt":"2022-06-24T10:25:11","guid":{"rendered":"http:\/\/www.hapy-com.fr\/echoppe\/product\/porte-cles-ouvre-bouteille-pudox\/"},"modified":"2022-06-24T12:25:11","modified_gmt":"2022-06-24T10:25:11","slug":"porte-cles-ouvre-bouteille-pudox","status":"publish","type":"product","link":"https:\/\/www.hapy-com.fr\/echoppe\/product\/porte-cles-ouvre-bouteille-pudox\/","title":{"rendered":"Porte-Cl\u00e9s Ouvre Bouteille Pudox"},"content":{"rendered":"<p>Original porte-cl\u00e9s en aluminium. Avec design de No\u00ebl en rennes eb couleurs vives et lumineuses.<\/p>\n","protected":false},"excerpt":{"rendered":"<p>Original porte-cl\u00e9s en aluminium. Avec design de No\u00ebl en rennes eb couleurs vives et lumineuses.<\/p>\n","protected":false},"featured_media":15849,"template":"","meta":[],"product_cat":[354],"product_tag":[],"class_list":{"0":"post-15850","1":"product","2":"type-product","3":"status-publish","4":"has-post-thumbnail","6":"product_cat-noel","8":"first","9":"instock","10":"shipping-taxable","11":"purchasable","12":"product-type-simple"},"_links":{"self":[{"href":"https:\/\/www.hapy-com.fr\/echoppe\/wp-json\/wp\/v2\/product\/15850","targetHints":{"allow":["GET"]}}],"collection":[{"href":"https:\/\/www.hapy-com.fr\/echoppe\/wp-json\/wp\/v2\/product"}],"about":[{"href":"https:\/\/www.hapy-com.fr\/echoppe\/wp-json\/wp\/v2\/types\/product"}],"wp:featuredmedia":[{"embeddable":true,"href":"https:\/\/www.hapy-com.fr\/echoppe\/wp-json\/wp\/v2\/media\/15849"}],"wp:attachment":[{"href":"https:\/\/www.hapy-com.fr\/echoppe\/wp-json\/wp\/v2\/media?parent=15850"}],"wp:term":[{"taxonomy":"product_cat","embeddable":true,"href":"https:\/\/www.hapy-com.fr\/echoppe\/wp-json\/wp\/v2\/product_cat?post=15850"},{"taxonomy":"product_tag","embeddable":true,"href":"https:\/\/www.hapy-com.fr\/echoppe\/wp-json\/wp\/v2\/product_tag?post=15850"}],"curies":[{"name":"wp","href":"https:\/\/api.w.org\/{rel}","templated":true}]}}