{"id":15852,"date":"2022-06-24T12:25:12","date_gmt":"2022-06-24T10:25:12","guid":{"rendered":"http:\/\/www.hapy-com.fr\/echoppe\/product\/set-ornement-noel-rimol\/"},"modified":"2022-06-24T12:25:12","modified_gmt":"2022-06-24T10:25:12","slug":"set-ornement-noel-rimol","status":"publish","type":"product","link":"https:\/\/www.hapy-com.fr\/echoppe\/product\/set-ornement-noel-rimol\/","title":{"rendered":"Set Ornement No\u00ebl Rimol"},"content":{"rendered":"<p>Ensemble de figurines de No\u00ebl \u00e0 accrocher en non tiss\u00e9. Inclut le sapin de No\u00ebl et l\u00b4\u00e9toile.<\/p>\n","protected":false},"excerpt":{"rendered":"<p>Ensemble de figurines de No\u00ebl \u00e0 accrocher en non tiss\u00e9. Inclut le sapin de No\u00ebl et l\u00b4\u00e9toile.<\/p>\n","protected":false},"featured_media":15851,"template":"","meta":[],"product_cat":[354],"product_tag":[],"class_list":{"0":"post-15852","1":"product","2":"type-product","3":"status-publish","4":"has-post-thumbnail","6":"product_cat-noel","8":"first","9":"instock","10":"shipping-taxable","11":"purchasable","12":"product-type-simple"},"_links":{"self":[{"href":"https:\/\/www.hapy-com.fr\/echoppe\/wp-json\/wp\/v2\/product\/15852","targetHints":{"allow":["GET"]}}],"collection":[{"href":"https:\/\/www.hapy-com.fr\/echoppe\/wp-json\/wp\/v2\/product"}],"about":[{"href":"https:\/\/www.hapy-com.fr\/echoppe\/wp-json\/wp\/v2\/types\/product"}],"wp:featuredmedia":[{"embeddable":true,"href":"https:\/\/www.hapy-com.fr\/echoppe\/wp-json\/wp\/v2\/media\/15851"}],"wp:attachment":[{"href":"https:\/\/www.hapy-com.fr\/echoppe\/wp-json\/wp\/v2\/media?parent=15852"}],"wp:term":[{"taxonomy":"product_cat","embeddable":true,"href":"https:\/\/www.hapy-com.fr\/echoppe\/wp-json\/wp\/v2\/product_cat?post=15852"},{"taxonomy":"product_tag","embeddable":true,"href":"https:\/\/www.hapy-com.fr\/echoppe\/wp-json\/wp\/v2\/product_tag?post=15852"}],"curies":[{"name":"wp","href":"https:\/\/api.w.org\/{rel}","templated":true}]}}